{"id":196,"date":"2022-10-23T15:43:49","date_gmt":"2022-10-23T13:43:49","guid":{"rendered":"https:\/\/duotrentemoult.org\/?page_id=196"},"modified":"2023-05-30T14:45:08","modified_gmt":"2023-05-30T12:45:08","slug":"croquechoeur","status":"publish","type":"page","link":"https:\/\/duotrentemoult.org\/index.php\/croquechoeur\/","title":{"rendered":"Croque&#038;Choeur"},"content":{"rendered":"\n<p><strong>Croque&amp;Choeur (ChoraleSansNom &amp; Toni Torfer)\u00a0<\/strong><\/p>\n\n\n\n<p><em><strong>Duo 2022<\/strong><\/em><\/p>\n\n\n\n<figure class=\"wp-block-image size-full\"><img loading=\"lazy\" decoding=\"async\" width=\"898\" height=\"588\" src=\"http:\/\/duotrentemoult.org\/wp-content\/uploads\/2022\/10\/225DC6C5-3A52-45AA-AB4F-5BCB5FD9472E.jpeg\" alt=\"\" class=\"wp-image-199\" srcset=\"https:\/\/duotrentemoult.org\/wp-content\/uploads\/2022\/10\/225DC6C5-3A52-45AA-AB4F-5BCB5FD9472E.jpeg 898w, https:\/\/duotrentemoult.org\/wp-content\/uploads\/2022\/10\/225DC6C5-3A52-45AA-AB4F-5BCB5FD9472E-300x196.jpeg 300w, https:\/\/duotrentemoult.org\/wp-content\/uploads\/2022\/10\/225DC6C5-3A52-45AA-AB4F-5BCB5FD9472E-768x503.jpeg 768w, https:\/\/duotrentemoult.org\/wp-content\/uploads\/2022\/10\/225DC6C5-3A52-45AA-AB4F-5BCB5FD9472E-458x300.jpeg 458w\" sizes=\"auto, (max-width: 898px) 100vw, 898px\" \/><\/figure>\n\n\n\n<p>Pr\u00e9parez vos oreilles, ouvrez grand votre esprit, vos yeux et votre coeur : la Chorale Sans Nom et Tonitorfer vous emm\u00e8nent dans un voyage graphique et rythmique que vous n\u2019\u00eates pas pr\u00e8s d\u2019oublier !<\/p>\n\n\n\n<p>Le plaisir d\u2019\u00e9changer et la joie de partager des moments uniques font partie d\u2019un Adn que partage ces complices de toujours !&nbsp;<\/p>\n\n\n\n<p>Quand la Chorale, concentr\u00e9 bouillant d\u2019une \u00e9nergie folle, se jette \u00e0 pleine voix dans une performance melant r\u00e9pertoire et improvisation, la mine affut\u00e9e de Tonitorfer fait jaillir du papier des mondes lumineux et solaires, minimalistes ou sur\u00e9alistes. Ces 2 l\u00e0 sont accord\u00e9s comme l\u2019eau et le feu, se promenant sur la gamme entre le calme et la temp\u00eate, la brise l\u00e9g\u00e8re et l\u2019avis de grand frais.&nbsp;<\/p>\n\n\n\n<p>Alors si le voyage vous tente, accrochez vos ceintures, \u00e7a va d\u00e9coiffer!!<\/p>\n","protected":false},"excerpt":{"rendered":"<p>Croque&amp;Choeur (ChoraleSansNom &amp; Toni Torfer)\u00a0 Duo 2022 Pr\u00e9parez vos oreilles, ouvrez grand votre esprit, vos yeux et votre coeur : la Chorale Sans Nom et Tonitorfer vous emm\u00e8nent dans un voyage graphique et rythmique que vous n\u2019\u00eates pas pr\u00e8s d\u2019oublier &hellip; <a href=\"https:\/\/duotrentemoult.org\/index.php\/croquechoeur\/\">Continuer la lecture <span class=\"meta-nav\">&rarr;<\/span><\/a><\/p>\n","protected":false},"author":1,"featured_media":0,"parent":0,"menu_order":0,"comment_status":"closed","ping_status":"closed","template":"","meta":{"footnotes":""},"class_list":["post-196","page","type-page","status-publish","hentry"],"yoast_head":"<!-- This site is optimized with the Yoast SEO plugin v19.8 - https:\/\/yoast.com\/wordpress\/plugins\/seo\/ -->\n<title>Croque&amp;Choeur - DUO Trentemoult<\/title>\n<meta name=\"robots\" content=\"index, follow, max-snippet:-1, max-image-preview:large, max-video-preview:-1\" \/>\n<link rel=\"canonical\" href=\"https:\/\/duotrentemoult.org\/index.php\/croquechoeur\/\" \/>\n<meta property=\"og:locale\" content=\"fr_FR\" \/>\n<meta property=\"og:type\" content=\"article\" \/>\n<meta property=\"og:title\" content=\"Croque&amp;Choeur - DUO Trentemoult\" \/>\n<meta property=\"og:description\" content=\"Croque&amp;Choeur (ChoraleSansNom &amp; Toni Torfer)\u00a0 Duo 2022 Pr\u00e9parez vos oreilles, ouvrez grand votre esprit, vos yeux et votre coeur : la Chorale Sans Nom et Tonitorfer vous emm\u00e8nent dans un voyage graphique et rythmique que vous n\u2019\u00eates pas pr\u00e8s d\u2019oublier &hellip; Continuer la lecture &rarr;\" \/>\n<meta property=\"og:url\" content=\"https:\/\/duotrentemoult.org\/index.php\/croquechoeur\/\" \/>\n<meta property=\"og:site_name\" content=\"DUO Trentemoult\" \/>\n<meta property=\"article:publisher\" content=\"https:\/\/www.facebook.com\/DUO-trentemoult-112757837991644\/\" \/>\n<meta property=\"article:modified_time\" content=\"2023-05-30T12:45:08+00:00\" \/>\n<meta property=\"og:image\" content=\"http:\/\/duotrentemoult.org\/wp-content\/uploads\/2022\/10\/225DC6C5-3A52-45AA-AB4F-5BCB5FD9472E.jpeg\" \/>\n<meta name=\"twitter:card\" content=\"summary_large_image\" \/>\n<meta name=\"twitter:label1\" content=\"Dur\u00e9e de lecture estim\u00e9e\" \/>\n\t<meta name=\"twitter:data1\" content=\"1 minute\" \/>\n<script type=\"application\/ld+json\" class=\"yoast-schema-graph\">{\"@context\":\"https:\/\/schema.org\",\"@graph\":[{\"@type\":\"WebPage\",\"@id\":\"https:\/\/duotrentemoult.org\/index.php\/croquechoeur\/\",\"url\":\"https:\/\/duotrentemoult.org\/index.php\/croquechoeur\/\",\"name\":\"Croque&Choeur - DUO Trentemoult\",\"isPartOf\":{\"@id\":\"https:\/\/duotrentemoult.org\/#website\"},\"datePublished\":\"2022-10-23T13:43:49+00:00\",\"dateModified\":\"2023-05-30T12:45:08+00:00\",\"breadcrumb\":{\"@id\":\"https:\/\/duotrentemoult.org\/index.php\/croquechoeur\/#breadcrumb\"},\"inLanguage\":\"fr-FR\",\"potentialAction\":[{\"@type\":\"ReadAction\",\"target\":[\"https:\/\/duotrentemoult.org\/index.php\/croquechoeur\/\"]}]},{\"@type\":\"BreadcrumbList\",\"@id\":\"https:\/\/duotrentemoult.org\/index.php\/croquechoeur\/#breadcrumb\",\"itemListElement\":[{\"@type\":\"ListItem\",\"position\":1,\"name\":\"Accueil\",\"item\":\"https:\/\/duotrentemoult.org\/\"},{\"@type\":\"ListItem\",\"position\":2,\"name\":\"Croque&#038;Choeur\"}]},{\"@type\":\"WebSite\",\"@id\":\"https:\/\/duotrentemoult.org\/#website\",\"url\":\"https:\/\/duotrentemoult.org\/\",\"name\":\"DUO Trentemoult\",\"description\":\"Balade artistique \u00e0 Trentemoult\",\"publisher\":{\"@id\":\"https:\/\/duotrentemoult.org\/#organization\"},\"potentialAction\":[{\"@type\":\"SearchAction\",\"target\":{\"@type\":\"EntryPoint\",\"urlTemplate\":\"https:\/\/duotrentemoult.org\/?s={search_term_string}\"},\"query-input\":\"required name=search_term_string\"}],\"inLanguage\":\"fr-FR\"},{\"@type\":\"Organization\",\"@id\":\"https:\/\/duotrentemoult.org\/#organization\",\"name\":\"Duo\",\"url\":\"https:\/\/duotrentemoult.org\/\",\"sameAs\":[\"https:\/\/www.facebook.com\/DUO-trentemoult-112757837991644\/\"],\"logo\":{\"@type\":\"ImageObject\",\"inLanguage\":\"fr-FR\",\"@id\":\"https:\/\/duotrentemoult.org\/#\/schema\/logo\/image\/\",\"url\":\"http:\/\/duotrentemoult.org\/wp-content\/uploads\/2022\/06\/LOGO.jpg\",\"contentUrl\":\"http:\/\/duotrentemoult.org\/wp-content\/uploads\/2022\/06\/LOGO.jpg\",\"width\":284,\"height\":285,\"caption\":\"Duo\"},\"image\":{\"@id\":\"https:\/\/duotrentemoult.org\/#\/schema\/logo\/image\/\"}}]}<\/script>\n<!-- \/ Yoast SEO plugin. -->","yoast_head_json":{"title":"Croque&Choeur - DUO Trentemoult","robots":{"index":"index","follow":"follow","max-snippet":"max-snippet:-1","max-image-preview":"max-image-preview:large","max-video-preview":"max-video-preview:-1"},"canonical":"https:\/\/duotrentemoult.org\/index.php\/croquechoeur\/","og_locale":"fr_FR","og_type":"article","og_title":"Croque&Choeur - DUO Trentemoult","og_description":"Croque&amp;Choeur (ChoraleSansNom &amp; Toni Torfer)\u00a0 Duo 2022 Pr\u00e9parez vos oreilles, ouvrez grand votre esprit, vos yeux et votre coeur : la Chorale Sans Nom et Tonitorfer vous emm\u00e8nent dans un voyage graphique et rythmique que vous n\u2019\u00eates pas pr\u00e8s d\u2019oublier &hellip; Continuer la lecture &rarr;","og_url":"https:\/\/duotrentemoult.org\/index.php\/croquechoeur\/","og_site_name":"DUO Trentemoult","article_publisher":"https:\/\/www.facebook.com\/DUO-trentemoult-112757837991644\/","article_modified_time":"2023-05-30T12:45:08+00:00","og_image":[{"url":"http:\/\/duotrentemoult.org\/wp-content\/uploads\/2022\/10\/225DC6C5-3A52-45AA-AB4F-5BCB5FD9472E.jpeg"}],"twitter_card":"summary_large_image","twitter_misc":{"Dur\u00e9e de lecture estim\u00e9e":"1 minute"},"schema":{"@context":"https:\/\/schema.org","@graph":[{"@type":"WebPage","@id":"https:\/\/duotrentemoult.org\/index.php\/croquechoeur\/","url":"https:\/\/duotrentemoult.org\/index.php\/croquechoeur\/","name":"Croque&Choeur - DUO Trentemoult","isPartOf":{"@id":"https:\/\/duotrentemoult.org\/#website"},"datePublished":"2022-10-23T13:43:49+00:00","dateModified":"2023-05-30T12:45:08+00:00","breadcrumb":{"@id":"https:\/\/duotrentemoult.org\/index.php\/croquechoeur\/#breadcrumb"},"inLanguage":"fr-FR","potentialAction":[{"@type":"ReadAction","target":["https:\/\/duotrentemoult.org\/index.php\/croquechoeur\/"]}]},{"@type":"BreadcrumbList","@id":"https:\/\/duotrentemoult.org\/index.php\/croquechoeur\/#breadcrumb","itemListElement":[{"@type":"ListItem","position":1,"name":"Accueil","item":"https:\/\/duotrentemoult.org\/"},{"@type":"ListItem","position":2,"name":"Croque&#038;Choeur"}]},{"@type":"WebSite","@id":"https:\/\/duotrentemoult.org\/#website","url":"https:\/\/duotrentemoult.org\/","name":"DUO Trentemoult","description":"Balade artistique \u00e0 Trentemoult","publisher":{"@id":"https:\/\/duotrentemoult.org\/#organization"},"potentialAction":[{"@type":"SearchAction","target":{"@type":"EntryPoint","urlTemplate":"https:\/\/duotrentemoult.org\/?s={search_term_string}"},"query-input":"required name=search_term_string"}],"inLanguage":"fr-FR"},{"@type":"Organization","@id":"https:\/\/duotrentemoult.org\/#organization","name":"Duo","url":"https:\/\/duotrentemoult.org\/","sameAs":["https:\/\/www.facebook.com\/DUO-trentemoult-112757837991644\/"],"logo":{"@type":"ImageObject","inLanguage":"fr-FR","@id":"https:\/\/duotrentemoult.org\/#\/schema\/logo\/image\/","url":"http:\/\/duotrentemoult.org\/wp-content\/uploads\/2022\/06\/LOGO.jpg","contentUrl":"http:\/\/duotrentemoult.org\/wp-content\/uploads\/2022\/06\/LOGO.jpg","width":284,"height":285,"caption":"Duo"},"image":{"@id":"https:\/\/duotrentemoult.org\/#\/schema\/logo\/image\/"}}]}},"_links":{"self":[{"href":"https:\/\/duotrentemoult.org\/index.php\/wp-json\/wp\/v2\/pages\/196","targetHints":{"allow":["GET"]}}],"collection":[{"href":"https:\/\/duotrentemoult.org\/index.php\/wp-json\/wp\/v2\/pages"}],"about":[{"href":"https:\/\/duotrentemoult.org\/index.php\/wp-json\/wp\/v2\/types\/page"}],"author":[{"embeddable":true,"href":"https:\/\/duotrentemoult.org\/index.php\/wp-json\/wp\/v2\/users\/1"}],"replies":[{"embeddable":true,"href":"https:\/\/duotrentemoult.org\/index.php\/wp-json\/wp\/v2\/comments?post=196"}],"version-history":[{"count":4,"href":"https:\/\/duotrentemoult.org\/index.php\/wp-json\/wp\/v2\/pages\/196\/revisions"}],"predecessor-version":[{"id":476,"href":"https:\/\/duotrentemoult.org\/index.php\/wp-json\/wp\/v2\/pages\/196\/revisions\/476"}],"wp:attachment":[{"href":"https:\/\/duotrentemoult.org\/index.php\/wp-json\/wp\/v2\/media?parent=196"}],"curies":[{"name":"wp","href":"https:\/\/api.w.org\/{rel}","templated":true}]}}