{"id":207,"date":"2022-10-23T15:54:06","date_gmt":"2022-10-23T13:54:06","guid":{"rendered":"https:\/\/duotrentemoult.org\/?page_id=207"},"modified":"2023-05-30T14:46:53","modified_gmt":"2023-05-30T12:46:53","slug":"lange-et-la-trace","status":"publish","type":"page","link":"https:\/\/duotrentemoult.org\/index.php\/lange-et-la-trace\/","title":{"rendered":"L\u2019ange et la trace"},"content":{"rendered":"\n<p><strong>KADER Andr\u00e9 PERON<\/strong><\/p>\n\n\n\n<p><strong><em>Duo 2022<br><\/em><\/strong><\/p>\n\n\n<div class=\"wp-block-image\">\n<figure class=\"aligncenter size-full\"><img loading=\"lazy\" decoding=\"async\" width=\"438\" height=\"438\" src=\"http:\/\/duotrentemoult.org\/wp-content\/uploads\/2022\/06\/D27FB7FC-19D0-4427-9AE0-3A13B8D0DB85.jpeg\" alt=\"\" class=\"wp-image-77\" srcset=\"https:\/\/duotrentemoult.org\/wp-content\/uploads\/2022\/06\/D27FB7FC-19D0-4427-9AE0-3A13B8D0DB85.jpeg 438w, https:\/\/duotrentemoult.org\/wp-content\/uploads\/2022\/06\/D27FB7FC-19D0-4427-9AE0-3A13B8D0DB85-300x300.jpeg 300w, https:\/\/duotrentemoult.org\/wp-content\/uploads\/2022\/06\/D27FB7FC-19D0-4427-9AE0-3A13B8D0DB85-150x150.jpeg 150w\" sizes=\"auto, (max-width: 438px) 100vw, 438px\" \/><\/figure>\n<\/div>\n\n\n<p>Dans son atelier, le peintre Kader Slidjia exposera ses cr\u00e9ations. Ce sera l\u2019occasion d\u2019un \u00e9change avec Andr\u00e9 P\u00e9ron \u00e0 propos de ces \u00eatres ail\u00e9s qu\u2019on appelle des anges.<\/p>\n\n\n\n<p>Dans un monde d\u00e9senchant\u00e9 l\u2019ange suscite au mieux le sourire, au pire la d\u00e9rision. Et si la figure de l\u2019ange ne conservait pas malgr\u00e9 tout une place en renvoyant \u00e0 l\u2019exp\u00e9rience de soi la plus intime qui nous ouvre \u00e0 ce qui nous \u00e9chappe, \u00e0 cette \u00e9tranget\u00e9 \u00e0 soi et \u00e0 autrui ?<\/p>\n\n\n\n<p>L\u2019ange est la figure du messager, il est l\u2019interm\u00e9diaire entre le visible et l\u2019invisible, entre la pr\u00e9sence et l\u2019absence.<\/p>\n\n\n\n<p>Dans un monde satur\u00e9 d\u2019images il interroge ces traces qui nous donnent l\u2019illusion de nous saisir du monde et il nourrit les r\u00eaves d\u2019envol.<\/p>\n\n\n\n<p><em>Saisir au vol ce qui passe pour en fixer la trace ?<\/em><\/p>\n","protected":false},"excerpt":{"rendered":"<p>KADER Andr\u00e9 PERON Duo 2022 Dans son atelier, le peintre Kader Slidjia exposera ses cr\u00e9ations. Ce sera l\u2019occasion d\u2019un \u00e9change avec Andr\u00e9 P\u00e9ron \u00e0 propos de ces \u00eatres ail\u00e9s qu\u2019on appelle des anges. Dans un monde d\u00e9senchant\u00e9 l\u2019ange suscite au &hellip; <a href=\"https:\/\/duotrentemoult.org\/index.php\/lange-et-la-trace\/\">Continuer la lecture <span class=\"meta-nav\">&rarr;<\/span><\/a><\/p>\n","protected":false},"author":1,"featured_media":0,"parent":0,"menu_order":0,"comment_status":"closed","ping_status":"closed","template":"","meta":{"footnotes":""},"class_list":["post-207","page","type-page","status-publish","hentry"],"yoast_head":"<!-- This site is optimized with the Yoast SEO plugin v19.8 - https:\/\/yoast.com\/wordpress\/plugins\/seo\/ -->\n<title>L\u2019ange et la trace - DUO Trentemoult<\/title>\n<meta name=\"robots\" content=\"index, follow, max-snippet:-1, max-image-preview:large, max-video-preview:-1\" \/>\n<link rel=\"canonical\" href=\"https:\/\/duotrentemoult.org\/index.php\/lange-et-la-trace\/\" \/>\n<meta property=\"og:locale\" content=\"fr_FR\" \/>\n<meta property=\"og:type\" content=\"article\" \/>\n<meta property=\"og:title\" content=\"L\u2019ange et la trace - DUO Trentemoult\" \/>\n<meta property=\"og:description\" content=\"KADER Andr\u00e9 PERON Duo 2022 Dans son atelier, le peintre Kader Slidjia exposera ses cr\u00e9ations. Ce sera l\u2019occasion d\u2019un \u00e9change avec Andr\u00e9 P\u00e9ron \u00e0 propos de ces \u00eatres ail\u00e9s qu\u2019on appelle des anges. Dans un monde d\u00e9senchant\u00e9 l\u2019ange suscite au &hellip; Continuer la lecture &rarr;\" \/>\n<meta property=\"og:url\" content=\"https:\/\/duotrentemoult.org\/index.php\/lange-et-la-trace\/\" \/>\n<meta property=\"og:site_name\" content=\"DUO Trentemoult\" \/>\n<meta property=\"article:publisher\" content=\"https:\/\/www.facebook.com\/DUO-trentemoult-112757837991644\/\" \/>\n<meta property=\"article:modified_time\" content=\"2023-05-30T12:46:53+00:00\" \/>\n<meta property=\"og:image\" content=\"http:\/\/duotrentemoult.org\/wp-content\/uploads\/2022\/06\/D27FB7FC-19D0-4427-9AE0-3A13B8D0DB85.jpeg\" \/>\n<meta name=\"twitter:card\" content=\"summary_large_image\" \/>\n<meta name=\"twitter:label1\" content=\"Dur\u00e9e de lecture estim\u00e9e\" \/>\n\t<meta name=\"twitter:data1\" content=\"1 minute\" \/>\n<script type=\"application\/ld+json\" class=\"yoast-schema-graph\">{\"@context\":\"https:\/\/schema.org\",\"@graph\":[{\"@type\":\"WebPage\",\"@id\":\"https:\/\/duotrentemoult.org\/index.php\/lange-et-la-trace\/\",\"url\":\"https:\/\/duotrentemoult.org\/index.php\/lange-et-la-trace\/\",\"name\":\"L\u2019ange et la trace - DUO Trentemoult\",\"isPartOf\":{\"@id\":\"https:\/\/duotrentemoult.org\/#website\"},\"datePublished\":\"2022-10-23T13:54:06+00:00\",\"dateModified\":\"2023-05-30T12:46:53+00:00\",\"breadcrumb\":{\"@id\":\"https:\/\/duotrentemoult.org\/index.php\/lange-et-la-trace\/#breadcrumb\"},\"inLanguage\":\"fr-FR\",\"potentialAction\":[{\"@type\":\"ReadAction\",\"target\":[\"https:\/\/duotrentemoult.org\/index.php\/lange-et-la-trace\/\"]}]},{\"@type\":\"BreadcrumbList\",\"@id\":\"https:\/\/duotrentemoult.org\/index.php\/lange-et-la-trace\/#breadcrumb\",\"itemListElement\":[{\"@type\":\"ListItem\",\"position\":1,\"name\":\"Accueil\",\"item\":\"https:\/\/duotrentemoult.org\/\"},{\"@type\":\"ListItem\",\"position\":2,\"name\":\"L\u2019ange et la trace\"}]},{\"@type\":\"WebSite\",\"@id\":\"https:\/\/duotrentemoult.org\/#website\",\"url\":\"https:\/\/duotrentemoult.org\/\",\"name\":\"DUO Trentemoult\",\"description\":\"Balade artistique \u00e0 Trentemoult\",\"publisher\":{\"@id\":\"https:\/\/duotrentemoult.org\/#organization\"},\"potentialAction\":[{\"@type\":\"SearchAction\",\"target\":{\"@type\":\"EntryPoint\",\"urlTemplate\":\"https:\/\/duotrentemoult.org\/?s={search_term_string}\"},\"query-input\":\"required name=search_term_string\"}],\"inLanguage\":\"fr-FR\"},{\"@type\":\"Organization\",\"@id\":\"https:\/\/duotrentemoult.org\/#organization\",\"name\":\"Duo\",\"url\":\"https:\/\/duotrentemoult.org\/\",\"sameAs\":[\"https:\/\/www.facebook.com\/DUO-trentemoult-112757837991644\/\"],\"logo\":{\"@type\":\"ImageObject\",\"inLanguage\":\"fr-FR\",\"@id\":\"https:\/\/duotrentemoult.org\/#\/schema\/logo\/image\/\",\"url\":\"http:\/\/duotrentemoult.org\/wp-content\/uploads\/2022\/06\/LOGO.jpg\",\"contentUrl\":\"http:\/\/duotrentemoult.org\/wp-content\/uploads\/2022\/06\/LOGO.jpg\",\"width\":284,\"height\":285,\"caption\":\"Duo\"},\"image\":{\"@id\":\"https:\/\/duotrentemoult.org\/#\/schema\/logo\/image\/\"}}]}<\/script>\n<!-- \/ Yoast SEO plugin. -->","yoast_head_json":{"title":"L\u2019ange et la trace - DUO Trentemoult","robots":{"index":"index","follow":"follow","max-snippet":"max-snippet:-1","max-image-preview":"max-image-preview:large","max-video-preview":"max-video-preview:-1"},"canonical":"https:\/\/duotrentemoult.org\/index.php\/lange-et-la-trace\/","og_locale":"fr_FR","og_type":"article","og_title":"L\u2019ange et la trace - DUO Trentemoult","og_description":"KADER Andr\u00e9 PERON Duo 2022 Dans son atelier, le peintre Kader Slidjia exposera ses cr\u00e9ations. Ce sera l\u2019occasion d\u2019un \u00e9change avec Andr\u00e9 P\u00e9ron \u00e0 propos de ces \u00eatres ail\u00e9s qu\u2019on appelle des anges. Dans un monde d\u00e9senchant\u00e9 l\u2019ange suscite au &hellip; Continuer la lecture &rarr;","og_url":"https:\/\/duotrentemoult.org\/index.php\/lange-et-la-trace\/","og_site_name":"DUO Trentemoult","article_publisher":"https:\/\/www.facebook.com\/DUO-trentemoult-112757837991644\/","article_modified_time":"2023-05-30T12:46:53+00:00","og_image":[{"url":"http:\/\/duotrentemoult.org\/wp-content\/uploads\/2022\/06\/D27FB7FC-19D0-4427-9AE0-3A13B8D0DB85.jpeg"}],"twitter_card":"summary_large_image","twitter_misc":{"Dur\u00e9e de lecture estim\u00e9e":"1 minute"},"schema":{"@context":"https:\/\/schema.org","@graph":[{"@type":"WebPage","@id":"https:\/\/duotrentemoult.org\/index.php\/lange-et-la-trace\/","url":"https:\/\/duotrentemoult.org\/index.php\/lange-et-la-trace\/","name":"L\u2019ange et la trace - DUO Trentemoult","isPartOf":{"@id":"https:\/\/duotrentemoult.org\/#website"},"datePublished":"2022-10-23T13:54:06+00:00","dateModified":"2023-05-30T12:46:53+00:00","breadcrumb":{"@id":"https:\/\/duotrentemoult.org\/index.php\/lange-et-la-trace\/#breadcrumb"},"inLanguage":"fr-FR","potentialAction":[{"@type":"ReadAction","target":["https:\/\/duotrentemoult.org\/index.php\/lange-et-la-trace\/"]}]},{"@type":"BreadcrumbList","@id":"https:\/\/duotrentemoult.org\/index.php\/lange-et-la-trace\/#breadcrumb","itemListElement":[{"@type":"ListItem","position":1,"name":"Accueil","item":"https:\/\/duotrentemoult.org\/"},{"@type":"ListItem","position":2,"name":"L\u2019ange et la trace"}]},{"@type":"WebSite","@id":"https:\/\/duotrentemoult.org\/#website","url":"https:\/\/duotrentemoult.org\/","name":"DUO Trentemoult","description":"Balade artistique \u00e0 Trentemoult","publisher":{"@id":"https:\/\/duotrentemoult.org\/#organization"},"potentialAction":[{"@type":"SearchAction","target":{"@type":"EntryPoint","urlTemplate":"https:\/\/duotrentemoult.org\/?s={search_term_string}"},"query-input":"required name=search_term_string"}],"inLanguage":"fr-FR"},{"@type":"Organization","@id":"https:\/\/duotrentemoult.org\/#organization","name":"Duo","url":"https:\/\/duotrentemoult.org\/","sameAs":["https:\/\/www.facebook.com\/DUO-trentemoult-112757837991644\/"],"logo":{"@type":"ImageObject","inLanguage":"fr-FR","@id":"https:\/\/duotrentemoult.org\/#\/schema\/logo\/image\/","url":"http:\/\/duotrentemoult.org\/wp-content\/uploads\/2022\/06\/LOGO.jpg","contentUrl":"http:\/\/duotrentemoult.org\/wp-content\/uploads\/2022\/06\/LOGO.jpg","width":284,"height":285,"caption":"Duo"},"image":{"@id":"https:\/\/duotrentemoult.org\/#\/schema\/logo\/image\/"}}]}},"_links":{"self":[{"href":"https:\/\/duotrentemoult.org\/index.php\/wp-json\/wp\/v2\/pages\/207","targetHints":{"allow":["GET"]}}],"collection":[{"href":"https:\/\/duotrentemoult.org\/index.php\/wp-json\/wp\/v2\/pages"}],"about":[{"href":"https:\/\/duotrentemoult.org\/index.php\/wp-json\/wp\/v2\/types\/page"}],"author":[{"embeddable":true,"href":"https:\/\/duotrentemoult.org\/index.php\/wp-json\/wp\/v2\/users\/1"}],"replies":[{"embeddable":true,"href":"https:\/\/duotrentemoult.org\/index.php\/wp-json\/wp\/v2\/comments?post=207"}],"version-history":[{"count":4,"href":"https:\/\/duotrentemoult.org\/index.php\/wp-json\/wp\/v2\/pages\/207\/revisions"}],"predecessor-version":[{"id":479,"href":"https:\/\/duotrentemoult.org\/index.php\/wp-json\/wp\/v2\/pages\/207\/revisions\/479"}],"wp:attachment":[{"href":"https:\/\/duotrentemoult.org\/index.php\/wp-json\/wp\/v2\/media?parent=207"}],"curies":[{"name":"wp","href":"https:\/\/api.w.org\/{rel}","templated":true}]}}