{"id":248,"date":"2022-10-23T18:06:37","date_gmt":"2022-10-23T16:06:37","guid":{"rendered":"https:\/\/duotrentemoult.org\/?page_id=248"},"modified":"2023-05-30T14:45:53","modified_gmt":"2023-05-30T12:45:53","slug":"dans-les-pas-des-geants","status":"publish","type":"page","link":"https:\/\/duotrentemoult.org\/index.php\/dans-les-pas-des-geants\/","title":{"rendered":"Dans les pas des g\u00e9ants"},"content":{"rendered":"\n<p><br><strong>DUO NICOLAS BOCQUEL &amp; DIDIER GALLO<\/strong><\/p>\n\n\n\n<p><strong><em>Duo 2022<\/em><\/strong><\/p>\n\n\n\n<figure class=\"wp-block-image size-large\"><img loading=\"lazy\" decoding=\"async\" width=\"1024\" height=\"671\" src=\"http:\/\/duotrentemoult.org\/wp-content\/uploads\/2022\/10\/83F3AF21-1F52-4D3F-817C-845F2D809F72-1024x671.jpeg\" alt=\"\" class=\"wp-image-245\" srcset=\"https:\/\/duotrentemoult.org\/wp-content\/uploads\/2022\/10\/83F3AF21-1F52-4D3F-817C-845F2D809F72-1024x671.jpeg 1024w, https:\/\/duotrentemoult.org\/wp-content\/uploads\/2022\/10\/83F3AF21-1F52-4D3F-817C-845F2D809F72-300x197.jpeg 300w, https:\/\/duotrentemoult.org\/wp-content\/uploads\/2022\/10\/83F3AF21-1F52-4D3F-817C-845F2D809F72-768x503.jpeg 768w, https:\/\/duotrentemoult.org\/wp-content\/uploads\/2022\/10\/83F3AF21-1F52-4D3F-817C-845F2D809F72-1536x1007.jpeg 1536w, https:\/\/duotrentemoult.org\/wp-content\/uploads\/2022\/10\/83F3AF21-1F52-4D3F-817C-845F2D809F72-458x300.jpeg 458w, https:\/\/duotrentemoult.org\/wp-content\/uploads\/2022\/10\/83F3AF21-1F52-4D3F-817C-845F2D809F72.jpeg 2008w\" sizes=\"auto, (max-width: 1024px) 100vw, 1024px\" \/><\/figure>\n\n\n\n<p>Laos. \u00ab Pays du million d\u2019\u00e9l\u00e9phants \u00bb au d\u00e9but du XXe&nbsp;si\u00e8cle, il en compte moins d\u2019un millier aujourd\u2019hui.<\/p>\n\n\n\n<p>En 2015, des passionn\u00e9s men\u00e9s par S\u00e9bastien Duffillot, fondateur de l\u2019Elephant Conservation Center, entreprennent un p\u00e9riple de 500 km et 43 jours de marche \u00e0 travers le pays, pour cr\u00e9er un \u00e9v\u00e9nement unique et spectaculaire : la caravane des \u00e9l\u00e9phants.<\/p>\n\n\n\n<p>Des com\u00e9diens rejoignent la caravane, afin de sensibiliser les villages travers\u00e9s \u00e0 leur propre histoire et celle des \u00e9l\u00e9phants.<\/p>\n\n\n\n<p>Presque un si\u00e8cle plus t\u00f4t, en 1927, Merian C. Cooper et Ernest B. Schoedsack \u2013 co-r\u00e9alisateur du 1er&nbsp;\u00ab King Kong \u00bb &#8211; filment la vie des paysans du Siam et les \u00e9l\u00e9phants d\u2019alors.<\/p>\n\n\n\n<p>A la lueur de deux exp\u00e9riences artistiques originales -Nicolas Bocquel au piano et Didier Gallot en conteur inspir\u00e9 &#8211; DUO marchera deux soirs durant dans des pas de g\u00e9ants.<\/p>\n","protected":false},"excerpt":{"rendered":"<p>DUO NICOLAS BOCQUEL &amp; DIDIER GALLO Duo 2022 Laos. \u00ab Pays du million d\u2019\u00e9l\u00e9phants \u00bb au d\u00e9but du XXe&nbsp;si\u00e8cle, il en compte moins d\u2019un millier aujourd\u2019hui. En 2015, des passionn\u00e9s men\u00e9s par S\u00e9bastien Duffillot, fondateur de l\u2019Elephant Conservation Center, entreprennent &hellip; <a href=\"https:\/\/duotrentemoult.org\/index.php\/dans-les-pas-des-geants\/\">Continuer la lecture <span class=\"meta-nav\">&rarr;<\/span><\/a><\/p>\n","protected":false},"author":1,"featured_media":0,"parent":0,"menu_order":0,"comment_status":"closed","ping_status":"closed","template":"","meta":{"footnotes":""},"class_list":["post-248","page","type-page","status-publish","hentry"],"yoast_head":"<!-- This site is optimized with the Yoast SEO plugin v19.8 - https:\/\/yoast.com\/wordpress\/plugins\/seo\/ -->\n<title>Dans les pas des g\u00e9ants - DUO Trentemoult<\/title>\n<meta name=\"robots\" content=\"index, follow, max-snippet:-1, max-image-preview:large, max-video-preview:-1\" \/>\n<link rel=\"canonical\" href=\"https:\/\/duotrentemoult.org\/index.php\/dans-les-pas-des-geants\/\" \/>\n<meta property=\"og:locale\" content=\"fr_FR\" \/>\n<meta property=\"og:type\" content=\"article\" \/>\n<meta property=\"og:title\" content=\"Dans les pas des g\u00e9ants - DUO Trentemoult\" \/>\n<meta property=\"og:description\" content=\"DUO NICOLAS BOCQUEL &amp; DIDIER GALLO Duo 2022 Laos. \u00ab Pays du million d\u2019\u00e9l\u00e9phants \u00bb au d\u00e9but du XXe&nbsp;si\u00e8cle, il en compte moins d\u2019un millier aujourd\u2019hui. En 2015, des passionn\u00e9s men\u00e9s par S\u00e9bastien Duffillot, fondateur de l\u2019Elephant Conservation Center, entreprennent &hellip; Continuer la lecture &rarr;\" \/>\n<meta property=\"og:url\" content=\"https:\/\/duotrentemoult.org\/index.php\/dans-les-pas-des-geants\/\" \/>\n<meta property=\"og:site_name\" content=\"DUO Trentemoult\" \/>\n<meta property=\"article:publisher\" content=\"https:\/\/www.facebook.com\/DUO-trentemoult-112757837991644\/\" \/>\n<meta property=\"article:modified_time\" content=\"2023-05-30T12:45:53+00:00\" \/>\n<meta property=\"og:image\" content=\"http:\/\/duotrentemoult.org\/wp-content\/uploads\/2022\/10\/83F3AF21-1F52-4D3F-817C-845F2D809F72-1024x671.jpeg\" \/>\n<meta name=\"twitter:card\" content=\"summary_large_image\" \/>\n<meta name=\"twitter:label1\" content=\"Dur\u00e9e de lecture estim\u00e9e\" \/>\n\t<meta name=\"twitter:data1\" content=\"1 minute\" \/>\n<script type=\"application\/ld+json\" class=\"yoast-schema-graph\">{\"@context\":\"https:\/\/schema.org\",\"@graph\":[{\"@type\":\"WebPage\",\"@id\":\"https:\/\/duotrentemoult.org\/index.php\/dans-les-pas-des-geants\/\",\"url\":\"https:\/\/duotrentemoult.org\/index.php\/dans-les-pas-des-geants\/\",\"name\":\"Dans les pas des g\u00e9ants - DUO Trentemoult\",\"isPartOf\":{\"@id\":\"https:\/\/duotrentemoult.org\/#website\"},\"datePublished\":\"2022-10-23T16:06:37+00:00\",\"dateModified\":\"2023-05-30T12:45:53+00:00\",\"breadcrumb\":{\"@id\":\"https:\/\/duotrentemoult.org\/index.php\/dans-les-pas-des-geants\/#breadcrumb\"},\"inLanguage\":\"fr-FR\",\"potentialAction\":[{\"@type\":\"ReadAction\",\"target\":[\"https:\/\/duotrentemoult.org\/index.php\/dans-les-pas-des-geants\/\"]}]},{\"@type\":\"BreadcrumbList\",\"@id\":\"https:\/\/duotrentemoult.org\/index.php\/dans-les-pas-des-geants\/#breadcrumb\",\"itemListElement\":[{\"@type\":\"ListItem\",\"position\":1,\"name\":\"Accueil\",\"item\":\"https:\/\/duotrentemoult.org\/\"},{\"@type\":\"ListItem\",\"position\":2,\"name\":\"Dans les pas des g\u00e9ants\"}]},{\"@type\":\"WebSite\",\"@id\":\"https:\/\/duotrentemoult.org\/#website\",\"url\":\"https:\/\/duotrentemoult.org\/\",\"name\":\"DUO Trentemoult\",\"description\":\"Balade artistique \u00e0 Trentemoult\",\"publisher\":{\"@id\":\"https:\/\/duotrentemoult.org\/#organization\"},\"potentialAction\":[{\"@type\":\"SearchAction\",\"target\":{\"@type\":\"EntryPoint\",\"urlTemplate\":\"https:\/\/duotrentemoult.org\/?s={search_term_string}\"},\"query-input\":\"required name=search_term_string\"}],\"inLanguage\":\"fr-FR\"},{\"@type\":\"Organization\",\"@id\":\"https:\/\/duotrentemoult.org\/#organization\",\"name\":\"Duo\",\"url\":\"https:\/\/duotrentemoult.org\/\",\"sameAs\":[\"https:\/\/www.facebook.com\/DUO-trentemoult-112757837991644\/\"],\"logo\":{\"@type\":\"ImageObject\",\"inLanguage\":\"fr-FR\",\"@id\":\"https:\/\/duotrentemoult.org\/#\/schema\/logo\/image\/\",\"url\":\"http:\/\/duotrentemoult.org\/wp-content\/uploads\/2022\/06\/LOGO.jpg\",\"contentUrl\":\"http:\/\/duotrentemoult.org\/wp-content\/uploads\/2022\/06\/LOGO.jpg\",\"width\":284,\"height\":285,\"caption\":\"Duo\"},\"image\":{\"@id\":\"https:\/\/duotrentemoult.org\/#\/schema\/logo\/image\/\"}}]}<\/script>\n<!-- \/ Yoast SEO plugin. -->","yoast_head_json":{"title":"Dans les pas des g\u00e9ants - DUO Trentemoult","robots":{"index":"index","follow":"follow","max-snippet":"max-snippet:-1","max-image-preview":"max-image-preview:large","max-video-preview":"max-video-preview:-1"},"canonical":"https:\/\/duotrentemoult.org\/index.php\/dans-les-pas-des-geants\/","og_locale":"fr_FR","og_type":"article","og_title":"Dans les pas des g\u00e9ants - DUO Trentemoult","og_description":"DUO NICOLAS BOCQUEL &amp; DIDIER GALLO Duo 2022 Laos. \u00ab Pays du million d\u2019\u00e9l\u00e9phants \u00bb au d\u00e9but du XXe&nbsp;si\u00e8cle, il en compte moins d\u2019un millier aujourd\u2019hui. En 2015, des passionn\u00e9s men\u00e9s par S\u00e9bastien Duffillot, fondateur de l\u2019Elephant Conservation Center, entreprennent &hellip; Continuer la lecture &rarr;","og_url":"https:\/\/duotrentemoult.org\/index.php\/dans-les-pas-des-geants\/","og_site_name":"DUO Trentemoult","article_publisher":"https:\/\/www.facebook.com\/DUO-trentemoult-112757837991644\/","article_modified_time":"2023-05-30T12:45:53+00:00","og_image":[{"url":"http:\/\/duotrentemoult.org\/wp-content\/uploads\/2022\/10\/83F3AF21-1F52-4D3F-817C-845F2D809F72-1024x671.jpeg"}],"twitter_card":"summary_large_image","twitter_misc":{"Dur\u00e9e de lecture estim\u00e9e":"1 minute"},"schema":{"@context":"https:\/\/schema.org","@graph":[{"@type":"WebPage","@id":"https:\/\/duotrentemoult.org\/index.php\/dans-les-pas-des-geants\/","url":"https:\/\/duotrentemoult.org\/index.php\/dans-les-pas-des-geants\/","name":"Dans les pas des g\u00e9ants - DUO Trentemoult","isPartOf":{"@id":"https:\/\/duotrentemoult.org\/#website"},"datePublished":"2022-10-23T16:06:37+00:00","dateModified":"2023-05-30T12:45:53+00:00","breadcrumb":{"@id":"https:\/\/duotrentemoult.org\/index.php\/dans-les-pas-des-geants\/#breadcrumb"},"inLanguage":"fr-FR","potentialAction":[{"@type":"ReadAction","target":["https:\/\/duotrentemoult.org\/index.php\/dans-les-pas-des-geants\/"]}]},{"@type":"BreadcrumbList","@id":"https:\/\/duotrentemoult.org\/index.php\/dans-les-pas-des-geants\/#breadcrumb","itemListElement":[{"@type":"ListItem","position":1,"name":"Accueil","item":"https:\/\/duotrentemoult.org\/"},{"@type":"ListItem","position":2,"name":"Dans les pas des g\u00e9ants"}]},{"@type":"WebSite","@id":"https:\/\/duotrentemoult.org\/#website","url":"https:\/\/duotrentemoult.org\/","name":"DUO Trentemoult","description":"Balade artistique \u00e0 Trentemoult","publisher":{"@id":"https:\/\/duotrentemoult.org\/#organization"},"potentialAction":[{"@type":"SearchAction","target":{"@type":"EntryPoint","urlTemplate":"https:\/\/duotrentemoult.org\/?s={search_term_string}"},"query-input":"required name=search_term_string"}],"inLanguage":"fr-FR"},{"@type":"Organization","@id":"https:\/\/duotrentemoult.org\/#organization","name":"Duo","url":"https:\/\/duotrentemoult.org\/","sameAs":["https:\/\/www.facebook.com\/DUO-trentemoult-112757837991644\/"],"logo":{"@type":"ImageObject","inLanguage":"fr-FR","@id":"https:\/\/duotrentemoult.org\/#\/schema\/logo\/image\/","url":"http:\/\/duotrentemoult.org\/wp-content\/uploads\/2022\/06\/LOGO.jpg","contentUrl":"http:\/\/duotrentemoult.org\/wp-content\/uploads\/2022\/06\/LOGO.jpg","width":284,"height":285,"caption":"Duo"},"image":{"@id":"https:\/\/duotrentemoult.org\/#\/schema\/logo\/image\/"}}]}},"_links":{"self":[{"href":"https:\/\/duotrentemoult.org\/index.php\/wp-json\/wp\/v2\/pages\/248","targetHints":{"allow":["GET"]}}],"collection":[{"href":"https:\/\/duotrentemoult.org\/index.php\/wp-json\/wp\/v2\/pages"}],"about":[{"href":"https:\/\/duotrentemoult.org\/index.php\/wp-json\/wp\/v2\/types\/page"}],"author":[{"embeddable":true,"href":"https:\/\/duotrentemoult.org\/index.php\/wp-json\/wp\/v2\/users\/1"}],"replies":[{"embeddable":true,"href":"https:\/\/duotrentemoult.org\/index.php\/wp-json\/wp\/v2\/comments?post=248"}],"version-history":[{"count":4,"href":"https:\/\/duotrentemoult.org\/index.php\/wp-json\/wp\/v2\/pages\/248\/revisions"}],"predecessor-version":[{"id":477,"href":"https:\/\/duotrentemoult.org\/index.php\/wp-json\/wp\/v2\/pages\/248\/revisions\/477"}],"wp:attachment":[{"href":"https:\/\/duotrentemoult.org\/index.php\/wp-json\/wp\/v2\/media?parent=248"}],"curies":[{"name":"wp","href":"https:\/\/api.w.org\/{rel}","templated":true}]}}