{"id":310,"date":"2023-05-30T13:29:12","date_gmt":"2023-05-30T11:29:12","guid":{"rendered":"http:\/\/duotrentemoult.org\/?page_id=310"},"modified":"2023-05-30T13:31:07","modified_gmt":"2023-05-30T11:31:07","slug":"anne-cecile-pascale","status":"publish","type":"page","link":"https:\/\/duotrentemoult.org\/index.php\/anne-cecile-pascale\/","title":{"rendered":"Anne \u2022 C\u00e9cile \u2022 Pascale"},"content":{"rendered":"\n<p><strong><em><strong>DUO \/ DUELLES<\/strong><\/em><\/strong><\/p>\n\n\n\n<p><strong><em><strong><strong><em>\u201cTrois dames pour un duo\u201d<\/em><\/strong><\/strong><\/em><\/strong><\/p>\n\n\n\n<figure class=\"wp-block-gallery has-nested-images columns-default is-cropped wp-block-gallery-1 is-layout-flex wp-block-gallery-is-layout-flex\">\n<figure class=\"wp-block-image size-large\"><img loading=\"lazy\" decoding=\"async\" width=\"1024\" height=\"1024\" data-id=\"426\" src=\"http:\/\/duotrentemoult.org\/wp-content\/uploads\/2023\/05\/IMG_0101-2-1024x1024.jpeg\" alt=\"\" class=\"wp-image-426\" srcset=\"https:\/\/duotrentemoult.org\/wp-content\/uploads\/2023\/05\/IMG_0101-2-1024x1024.jpeg 1024w, https:\/\/duotrentemoult.org\/wp-content\/uploads\/2023\/05\/IMG_0101-2-300x300.jpeg 300w, https:\/\/duotrentemoult.org\/wp-content\/uploads\/2023\/05\/IMG_0101-2-150x150.jpeg 150w, https:\/\/duotrentemoult.org\/wp-content\/uploads\/2023\/05\/IMG_0101-2-768x768.jpeg 768w\" sizes=\"auto, (max-width: 1024px) 100vw, 1024px\" \/><\/figure>\n<\/figure>\n\n\n\n<p>19 bis rue Roin\u00e9 \/ <em><em>samedi 19h \/ dimanche 11h &#8211; dur\u00e9e 1h<\/em><\/em><\/p>\n\n\n\n<p>Etrange duo \u00e0 trois, singuli\u00e8re causerie, surprenante conversation.&nbsp;<\/p>\n\n\n\n<p>Les \u00e9changes d\u00e9concertants de ces duellistes et de leur arbitre, r\u00e9v\u00e8lent ce que le silence peine \u00e0 dissimuler entre elles.&nbsp;<\/p>\n\n\n\n<p>Mais de quoi s\u2019agit-il au juste ?&nbsp;<\/p>\n\n\n\n<p>De quel malentendu ces femmes sont-elles prisonni\u00e8res ou instigatrices ?&nbsp;<\/p>\n\n\n\n<p>Et s\u2019agit-il vraiment d\u2019un malentendu ?<\/p>\n","protected":false},"excerpt":{"rendered":"<p>DUO \/ DUELLES \u201cTrois dames pour un duo\u201d 19 bis rue Roin\u00e9 \/ samedi 19h \/ dimanche 11h &#8211; dur\u00e9e 1h Etrange duo \u00e0 trois, singuli\u00e8re causerie, surprenante conversation.&nbsp; Les \u00e9changes d\u00e9concertants de ces duellistes et de leur arbitre, r\u00e9v\u00e8lent &hellip; <a href=\"https:\/\/duotrentemoult.org\/index.php\/anne-cecile-pascale\/\">Continuer la lecture <span class=\"meta-nav\">&rarr;<\/span><\/a><\/p>\n","protected":false},"author":1,"featured_media":0,"parent":0,"menu_order":0,"comment_status":"closed","ping_status":"closed","template":"","meta":{"footnotes":""},"class_list":["post-310","page","type-page","status-publish","hentry"],"yoast_head":"<!-- This site is optimized with the Yoast SEO plugin v19.8 - https:\/\/yoast.com\/wordpress\/plugins\/seo\/ -->\n<title>Anne \u2022 C\u00e9cile \u2022 Pascale - DUO Trentemoult<\/title>\n<meta name=\"robots\" content=\"index, follow, max-snippet:-1, max-image-preview:large, max-video-preview:-1\" \/>\n<link rel=\"canonical\" href=\"https:\/\/duotrentemoult.org\/index.php\/anne-cecile-pascale\/\" \/>\n<meta property=\"og:locale\" content=\"fr_FR\" \/>\n<meta property=\"og:type\" content=\"article\" \/>\n<meta property=\"og:title\" content=\"Anne \u2022 C\u00e9cile \u2022 Pascale - DUO Trentemoult\" \/>\n<meta property=\"og:description\" content=\"DUO \/ DUELLES \u201cTrois dames pour un duo\u201d 19 bis rue Roin\u00e9 \/ samedi 19h \/ dimanche 11h &#8211; dur\u00e9e 1h Etrange duo \u00e0 trois, singuli\u00e8re causerie, surprenante conversation.&nbsp; Les \u00e9changes d\u00e9concertants de ces duellistes et de leur arbitre, r\u00e9v\u00e8lent &hellip; Continuer la lecture &rarr;\" \/>\n<meta property=\"og:url\" content=\"https:\/\/duotrentemoult.org\/index.php\/anne-cecile-pascale\/\" \/>\n<meta property=\"og:site_name\" content=\"DUO Trentemoult\" \/>\n<meta property=\"article:publisher\" content=\"https:\/\/www.facebook.com\/DUO-trentemoult-112757837991644\/\" \/>\n<meta property=\"article:modified_time\" content=\"2023-05-30T11:31:07+00:00\" \/>\n<meta property=\"og:image\" content=\"http:\/\/duotrentemoult.org\/wp-content\/uploads\/2023\/05\/IMG_0101-2-1024x1024.jpeg\" \/>\n<meta name=\"twitter:card\" content=\"summary_large_image\" \/>\n<script type=\"application\/ld+json\" class=\"yoast-schema-graph\">{\"@context\":\"https:\/\/schema.org\",\"@graph\":[{\"@type\":\"WebPage\",\"@id\":\"https:\/\/duotrentemoult.org\/index.php\/anne-cecile-pascale\/\",\"url\":\"https:\/\/duotrentemoult.org\/index.php\/anne-cecile-pascale\/\",\"name\":\"Anne \u2022 C\u00e9cile \u2022 Pascale - DUO Trentemoult\",\"isPartOf\":{\"@id\":\"https:\/\/duotrentemoult.org\/#website\"},\"datePublished\":\"2023-05-30T11:29:12+00:00\",\"dateModified\":\"2023-05-30T11:31:07+00:00\",\"breadcrumb\":{\"@id\":\"https:\/\/duotrentemoult.org\/index.php\/anne-cecile-pascale\/#breadcrumb\"},\"inLanguage\":\"fr-FR\",\"potentialAction\":[{\"@type\":\"ReadAction\",\"target\":[\"https:\/\/duotrentemoult.org\/index.php\/anne-cecile-pascale\/\"]}]},{\"@type\":\"BreadcrumbList\",\"@id\":\"https:\/\/duotrentemoult.org\/index.php\/anne-cecile-pascale\/#breadcrumb\",\"itemListElement\":[{\"@type\":\"ListItem\",\"position\":1,\"name\":\"Accueil\",\"item\":\"https:\/\/duotrentemoult.org\/\"},{\"@type\":\"ListItem\",\"position\":2,\"name\":\"Anne \u2022 C\u00e9cile \u2022 Pascale\"}]},{\"@type\":\"WebSite\",\"@id\":\"https:\/\/duotrentemoult.org\/#website\",\"url\":\"https:\/\/duotrentemoult.org\/\",\"name\":\"DUO Trentemoult\",\"description\":\"Balade artistique \u00e0 Trentemoult\",\"publisher\":{\"@id\":\"https:\/\/duotrentemoult.org\/#organization\"},\"potentialAction\":[{\"@type\":\"SearchAction\",\"target\":{\"@type\":\"EntryPoint\",\"urlTemplate\":\"https:\/\/duotrentemoult.org\/?s={search_term_string}\"},\"query-input\":\"required name=search_term_string\"}],\"inLanguage\":\"fr-FR\"},{\"@type\":\"Organization\",\"@id\":\"https:\/\/duotrentemoult.org\/#organization\",\"name\":\"Duo\",\"url\":\"https:\/\/duotrentemoult.org\/\",\"sameAs\":[\"https:\/\/www.facebook.com\/DUO-trentemoult-112757837991644\/\"],\"logo\":{\"@type\":\"ImageObject\",\"inLanguage\":\"fr-FR\",\"@id\":\"https:\/\/duotrentemoult.org\/#\/schema\/logo\/image\/\",\"url\":\"http:\/\/duotrentemoult.org\/wp-content\/uploads\/2022\/06\/LOGO.jpg\",\"contentUrl\":\"http:\/\/duotrentemoult.org\/wp-content\/uploads\/2022\/06\/LOGO.jpg\",\"width\":284,\"height\":285,\"caption\":\"Duo\"},\"image\":{\"@id\":\"https:\/\/duotrentemoult.org\/#\/schema\/logo\/image\/\"}}]}<\/script>\n<!-- \/ Yoast SEO plugin. -->","yoast_head_json":{"title":"Anne \u2022 C\u00e9cile \u2022 Pascale - DUO Trentemoult","robots":{"index":"index","follow":"follow","max-snippet":"max-snippet:-1","max-image-preview":"max-image-preview:large","max-video-preview":"max-video-preview:-1"},"canonical":"https:\/\/duotrentemoult.org\/index.php\/anne-cecile-pascale\/","og_locale":"fr_FR","og_type":"article","og_title":"Anne \u2022 C\u00e9cile \u2022 Pascale - DUO Trentemoult","og_description":"DUO \/ DUELLES \u201cTrois dames pour un duo\u201d 19 bis rue Roin\u00e9 \/ samedi 19h \/ dimanche 11h &#8211; dur\u00e9e 1h Etrange duo \u00e0 trois, singuli\u00e8re causerie, surprenante conversation.&nbsp; Les \u00e9changes d\u00e9concertants de ces duellistes et de leur arbitre, r\u00e9v\u00e8lent &hellip; Continuer la lecture &rarr;","og_url":"https:\/\/duotrentemoult.org\/index.php\/anne-cecile-pascale\/","og_site_name":"DUO Trentemoult","article_publisher":"https:\/\/www.facebook.com\/DUO-trentemoult-112757837991644\/","article_modified_time":"2023-05-30T11:31:07+00:00","og_image":[{"url":"http:\/\/duotrentemoult.org\/wp-content\/uploads\/2023\/05\/IMG_0101-2-1024x1024.jpeg"}],"twitter_card":"summary_large_image","schema":{"@context":"https:\/\/schema.org","@graph":[{"@type":"WebPage","@id":"https:\/\/duotrentemoult.org\/index.php\/anne-cecile-pascale\/","url":"https:\/\/duotrentemoult.org\/index.php\/anne-cecile-pascale\/","name":"Anne \u2022 C\u00e9cile \u2022 Pascale - DUO Trentemoult","isPartOf":{"@id":"https:\/\/duotrentemoult.org\/#website"},"datePublished":"2023-05-30T11:29:12+00:00","dateModified":"2023-05-30T11:31:07+00:00","breadcrumb":{"@id":"https:\/\/duotrentemoult.org\/index.php\/anne-cecile-pascale\/#breadcrumb"},"inLanguage":"fr-FR","potentialAction":[{"@type":"ReadAction","target":["https:\/\/duotrentemoult.org\/index.php\/anne-cecile-pascale\/"]}]},{"@type":"BreadcrumbList","@id":"https:\/\/duotrentemoult.org\/index.php\/anne-cecile-pascale\/#breadcrumb","itemListElement":[{"@type":"ListItem","position":1,"name":"Accueil","item":"https:\/\/duotrentemoult.org\/"},{"@type":"ListItem","position":2,"name":"Anne \u2022 C\u00e9cile \u2022 Pascale"}]},{"@type":"WebSite","@id":"https:\/\/duotrentemoult.org\/#website","url":"https:\/\/duotrentemoult.org\/","name":"DUO Trentemoult","description":"Balade artistique \u00e0 Trentemoult","publisher":{"@id":"https:\/\/duotrentemoult.org\/#organization"},"potentialAction":[{"@type":"SearchAction","target":{"@type":"EntryPoint","urlTemplate":"https:\/\/duotrentemoult.org\/?s={search_term_string}"},"query-input":"required name=search_term_string"}],"inLanguage":"fr-FR"},{"@type":"Organization","@id":"https:\/\/duotrentemoult.org\/#organization","name":"Duo","url":"https:\/\/duotrentemoult.org\/","sameAs":["https:\/\/www.facebook.com\/DUO-trentemoult-112757837991644\/"],"logo":{"@type":"ImageObject","inLanguage":"fr-FR","@id":"https:\/\/duotrentemoult.org\/#\/schema\/logo\/image\/","url":"http:\/\/duotrentemoult.org\/wp-content\/uploads\/2022\/06\/LOGO.jpg","contentUrl":"http:\/\/duotrentemoult.org\/wp-content\/uploads\/2022\/06\/LOGO.jpg","width":284,"height":285,"caption":"Duo"},"image":{"@id":"https:\/\/duotrentemoult.org\/#\/schema\/logo\/image\/"}}]}},"_links":{"self":[{"href":"https:\/\/duotrentemoult.org\/index.php\/wp-json\/wp\/v2\/pages\/310","targetHints":{"allow":["GET"]}}],"collection":[{"href":"https:\/\/duotrentemoult.org\/index.php\/wp-json\/wp\/v2\/pages"}],"about":[{"href":"https:\/\/duotrentemoult.org\/index.php\/wp-json\/wp\/v2\/types\/page"}],"author":[{"embeddable":true,"href":"https:\/\/duotrentemoult.org\/index.php\/wp-json\/wp\/v2\/users\/1"}],"replies":[{"embeddable":true,"href":"https:\/\/duotrentemoult.org\/index.php\/wp-json\/wp\/v2\/comments?post=310"}],"version-history":[{"count":3,"href":"https:\/\/duotrentemoult.org\/index.php\/wp-json\/wp\/v2\/pages\/310\/revisions"}],"predecessor-version":[{"id":433,"href":"https:\/\/duotrentemoult.org\/index.php\/wp-json\/wp\/v2\/pages\/310\/revisions\/433"}],"wp:attachment":[{"href":"https:\/\/duotrentemoult.org\/index.php\/wp-json\/wp\/v2\/media?parent=310"}],"curies":[{"name":"wp","href":"https:\/\/api.w.org\/{rel}","templated":true}]}}