{"id":317,"date":"2023-05-30T13:35:22","date_gmt":"2023-05-30T11:35:22","guid":{"rendered":"http:\/\/duotrentemoult.org\/?page_id=317"},"modified":"2023-06-04T08:26:53","modified_gmt":"2023-06-04T06:26:53","slug":"bernard-bretonniere-youenn-landreau","status":"publish","type":"page","link":"https:\/\/duotrentemoult.org\/index.php\/bernard-bretonniere-youenn-landreau\/","title":{"rendered":"Bernard Bretonni\u00e8re \u2022 Youenn Landreau"},"content":{"rendered":"\n<p><strong><em><strong><em>MUSIQUE \/ LECTURE<\/em><\/strong><\/em><\/strong><\/p>\n\n\n\n<p><strong><em><strong><em><strong><em>\u201cCe que nous disent les migrants\u201d<\/em><\/strong><\/em><\/strong><\/em><\/strong><\/p>\n\n\n\n<figure class=\"wp-block-gallery has-nested-images columns-default is-cropped wp-block-gallery-1 is-layout-flex wp-block-gallery-is-layout-flex\">\n<figure class=\"wp-block-image size-large\"><img loading=\"lazy\" decoding=\"async\" width=\"1024\" height=\"683\" data-id=\"437\" src=\"https:\/\/duotrentemoult.org\/wp-content\/uploads\/2023\/05\/IMG_0100-2-1024x683.jpeg\" alt=\"\" class=\"wp-image-437\" srcset=\"https:\/\/duotrentemoult.org\/wp-content\/uploads\/2023\/05\/IMG_0100-2-1024x683.jpeg 1024w, https:\/\/duotrentemoult.org\/wp-content\/uploads\/2023\/05\/IMG_0100-2-300x200.jpeg 300w, https:\/\/duotrentemoult.org\/wp-content\/uploads\/2023\/05\/IMG_0100-2-768x512.jpeg 768w, https:\/\/duotrentemoult.org\/wp-content\/uploads\/2023\/05\/IMG_0100-2-450x300.jpeg 450w, https:\/\/duotrentemoult.org\/wp-content\/uploads\/2023\/05\/IMG_0100-2.jpeg 1080w\" sizes=\"auto, (max-width: 1024px) 100vw, 1024px\" \/><\/figure>\n<\/figure>\n\n\n\n<p>LE BUS, Hangar du Pendule &#8211; 2bis rue Codet \/ <br><em>Dur\u00e9e 45 minutes<\/em> &#8211; 11h &#8211; 14 h &#8211; 16h &#8211;<br>Pas de r\u00e9servation. Vente des badges d\u2019entr\u00e9e face au Navibus Trentemoult, sous la banni\u00e8re DUO. <\/p>\n\n\n\n<p>Youenn Landreau est un musicien nantais ayant une longue carri\u00e8re dans le jazz, la chanson, les musiques traditionnelles. Il est l\u2019un des rares sp\u00e9cialistes europ\u00e9ens du Chapman Stick, curieux instrument \u00e0 cordes \u00e9lectrique se jouant en tapping \u00e0 deux mains.<\/p>\n\n\n\n<p>Bernard Bretonni\u00e8re, \u00e9crivain peu classable, auteur d\u2019innombrables listes et anaphores, a publi\u00e9 une vingtaine de livres. Il est engag\u00e9 au quotidien, depuis plus de six ans, dans l\u2019accompagnement et l\u2019accueil de demandeurs d\u2019asile, sujet auquel il a consacr\u00e9 trois textes publi\u00e9s et plusieurs in\u00e9dits.<\/p>\n\n\n\n<p>Bernard et Youenn se sont rencontr\u00e9s \u00e0 plusieurs reprises pour croiser les lectures des textes originaux avec une \u00abmise en couleur\u00bb musicale. Pour cette connexion trentemousine, ils converseront (paroles &amp; musiques) autour de propos de migrants et d\u2019h\u00e9bergeurs t\u00e9moignant de leurs difficult\u00e9s comme de leurs moments heureux.<\/p>\n","protected":false},"excerpt":{"rendered":"<p>MUSIQUE \/ LECTURE \u201cCe que nous disent les migrants\u201d LE BUS, Hangar du Pendule &#8211; 2bis rue Codet \/ Dur\u00e9e 45 minutes &#8211; 11h &#8211; 14 h &#8211; 16h &#8211;Pas de r\u00e9servation. Vente des badges d\u2019entr\u00e9e face au Navibus Trentemoult, &hellip; <a href=\"https:\/\/duotrentemoult.org\/index.php\/bernard-bretonniere-youenn-landreau\/\">Continuer la lecture <span class=\"meta-nav\">&rarr;<\/span><\/a><\/p>\n","protected":false},"author":1,"featured_media":0,"parent":0,"menu_order":0,"comment_status":"closed","ping_status":"closed","template":"","meta":{"footnotes":""},"class_list":["post-317","page","type-page","status-publish","hentry"],"yoast_head":"<!-- This site is optimized with the Yoast SEO plugin v19.8 - https:\/\/yoast.com\/wordpress\/plugins\/seo\/ -->\n<title>Bernard Bretonni\u00e8re \u2022 Youenn Landreau - DUO Trentemoult<\/title>\n<meta name=\"robots\" content=\"index, follow, max-snippet:-1, max-image-preview:large, max-video-preview:-1\" \/>\n<link rel=\"canonical\" href=\"https:\/\/duotrentemoult.org\/index.php\/bernard-bretonniere-youenn-landreau\/\" \/>\n<meta property=\"og:locale\" content=\"fr_FR\" \/>\n<meta property=\"og:type\" content=\"article\" \/>\n<meta property=\"og:title\" content=\"Bernard Bretonni\u00e8re \u2022 Youenn Landreau - DUO Trentemoult\" \/>\n<meta property=\"og:description\" content=\"MUSIQUE \/ LECTURE \u201cCe que nous disent les migrants\u201d LE BUS, Hangar du Pendule &#8211; 2bis rue Codet \/ Dur\u00e9e 45 minutes &#8211; 11h &#8211; 14 h &#8211; 16h &#8211;Pas de r\u00e9servation. Vente des badges d\u2019entr\u00e9e face au Navibus Trentemoult, &hellip; Continuer la lecture &rarr;\" \/>\n<meta property=\"og:url\" content=\"https:\/\/duotrentemoult.org\/index.php\/bernard-bretonniere-youenn-landreau\/\" \/>\n<meta property=\"og:site_name\" content=\"DUO Trentemoult\" \/>\n<meta property=\"article:publisher\" content=\"https:\/\/www.facebook.com\/DUO-trentemoult-112757837991644\/\" \/>\n<meta property=\"article:modified_time\" content=\"2023-06-04T06:26:53+00:00\" \/>\n<meta property=\"og:image\" content=\"https:\/\/duotrentemoult.org\/wp-content\/uploads\/2023\/05\/IMG_0100-2-1024x683.jpeg\" \/>\n<meta name=\"twitter:card\" content=\"summary_large_image\" \/>\n<meta name=\"twitter:label1\" content=\"Dur\u00e9e de lecture estim\u00e9e\" \/>\n\t<meta name=\"twitter:data1\" content=\"1 minute\" \/>\n<script type=\"application\/ld+json\" class=\"yoast-schema-graph\">{\"@context\":\"https:\/\/schema.org\",\"@graph\":[{\"@type\":\"WebPage\",\"@id\":\"https:\/\/duotrentemoult.org\/index.php\/bernard-bretonniere-youenn-landreau\/\",\"url\":\"https:\/\/duotrentemoult.org\/index.php\/bernard-bretonniere-youenn-landreau\/\",\"name\":\"Bernard Bretonni\u00e8re \u2022 Youenn Landreau - DUO Trentemoult\",\"isPartOf\":{\"@id\":\"https:\/\/duotrentemoult.org\/#website\"},\"datePublished\":\"2023-05-30T11:35:22+00:00\",\"dateModified\":\"2023-06-04T06:26:53+00:00\",\"breadcrumb\":{\"@id\":\"https:\/\/duotrentemoult.org\/index.php\/bernard-bretonniere-youenn-landreau\/#breadcrumb\"},\"inLanguage\":\"fr-FR\",\"potentialAction\":[{\"@type\":\"ReadAction\",\"target\":[\"https:\/\/duotrentemoult.org\/index.php\/bernard-bretonniere-youenn-landreau\/\"]}]},{\"@type\":\"BreadcrumbList\",\"@id\":\"https:\/\/duotrentemoult.org\/index.php\/bernard-bretonniere-youenn-landreau\/#breadcrumb\",\"itemListElement\":[{\"@type\":\"ListItem\",\"position\":1,\"name\":\"Accueil\",\"item\":\"https:\/\/duotrentemoult.org\/\"},{\"@type\":\"ListItem\",\"position\":2,\"name\":\"Bernard Bretonni\u00e8re \u2022 Youenn Landreau\"}]},{\"@type\":\"WebSite\",\"@id\":\"https:\/\/duotrentemoult.org\/#website\",\"url\":\"https:\/\/duotrentemoult.org\/\",\"name\":\"DUO Trentemoult\",\"description\":\"Balade artistique \u00e0 Trentemoult\",\"publisher\":{\"@id\":\"https:\/\/duotrentemoult.org\/#organization\"},\"potentialAction\":[{\"@type\":\"SearchAction\",\"target\":{\"@type\":\"EntryPoint\",\"urlTemplate\":\"https:\/\/duotrentemoult.org\/?s={search_term_string}\"},\"query-input\":\"required name=search_term_string\"}],\"inLanguage\":\"fr-FR\"},{\"@type\":\"Organization\",\"@id\":\"https:\/\/duotrentemoult.org\/#organization\",\"name\":\"Duo\",\"url\":\"https:\/\/duotrentemoult.org\/\",\"sameAs\":[\"https:\/\/www.facebook.com\/DUO-trentemoult-112757837991644\/\"],\"logo\":{\"@type\":\"ImageObject\",\"inLanguage\":\"fr-FR\",\"@id\":\"https:\/\/duotrentemoult.org\/#\/schema\/logo\/image\/\",\"url\":\"http:\/\/duotrentemoult.org\/wp-content\/uploads\/2022\/06\/LOGO.jpg\",\"contentUrl\":\"http:\/\/duotrentemoult.org\/wp-content\/uploads\/2022\/06\/LOGO.jpg\",\"width\":284,\"height\":285,\"caption\":\"Duo\"},\"image\":{\"@id\":\"https:\/\/duotrentemoult.org\/#\/schema\/logo\/image\/\"}}]}<\/script>\n<!-- \/ Yoast SEO plugin. -->","yoast_head_json":{"title":"Bernard Bretonni\u00e8re \u2022 Youenn Landreau - DUO Trentemoult","robots":{"index":"index","follow":"follow","max-snippet":"max-snippet:-1","max-image-preview":"max-image-preview:large","max-video-preview":"max-video-preview:-1"},"canonical":"https:\/\/duotrentemoult.org\/index.php\/bernard-bretonniere-youenn-landreau\/","og_locale":"fr_FR","og_type":"article","og_title":"Bernard Bretonni\u00e8re \u2022 Youenn Landreau - DUO Trentemoult","og_description":"MUSIQUE \/ LECTURE \u201cCe que nous disent les migrants\u201d LE BUS, Hangar du Pendule &#8211; 2bis rue Codet \/ Dur\u00e9e 45 minutes &#8211; 11h &#8211; 14 h &#8211; 16h &#8211;Pas de r\u00e9servation. Vente des badges d\u2019entr\u00e9e face au Navibus Trentemoult, &hellip; Continuer la lecture &rarr;","og_url":"https:\/\/duotrentemoult.org\/index.php\/bernard-bretonniere-youenn-landreau\/","og_site_name":"DUO Trentemoult","article_publisher":"https:\/\/www.facebook.com\/DUO-trentemoult-112757837991644\/","article_modified_time":"2023-06-04T06:26:53+00:00","og_image":[{"url":"https:\/\/duotrentemoult.org\/wp-content\/uploads\/2023\/05\/IMG_0100-2-1024x683.jpeg"}],"twitter_card":"summary_large_image","twitter_misc":{"Dur\u00e9e de lecture estim\u00e9e":"1 minute"},"schema":{"@context":"https:\/\/schema.org","@graph":[{"@type":"WebPage","@id":"https:\/\/duotrentemoult.org\/index.php\/bernard-bretonniere-youenn-landreau\/","url":"https:\/\/duotrentemoult.org\/index.php\/bernard-bretonniere-youenn-landreau\/","name":"Bernard Bretonni\u00e8re \u2022 Youenn Landreau - DUO Trentemoult","isPartOf":{"@id":"https:\/\/duotrentemoult.org\/#website"},"datePublished":"2023-05-30T11:35:22+00:00","dateModified":"2023-06-04T06:26:53+00:00","breadcrumb":{"@id":"https:\/\/duotrentemoult.org\/index.php\/bernard-bretonniere-youenn-landreau\/#breadcrumb"},"inLanguage":"fr-FR","potentialAction":[{"@type":"ReadAction","target":["https:\/\/duotrentemoult.org\/index.php\/bernard-bretonniere-youenn-landreau\/"]}]},{"@type":"BreadcrumbList","@id":"https:\/\/duotrentemoult.org\/index.php\/bernard-bretonniere-youenn-landreau\/#breadcrumb","itemListElement":[{"@type":"ListItem","position":1,"name":"Accueil","item":"https:\/\/duotrentemoult.org\/"},{"@type":"ListItem","position":2,"name":"Bernard Bretonni\u00e8re \u2022 Youenn Landreau"}]},{"@type":"WebSite","@id":"https:\/\/duotrentemoult.org\/#website","url":"https:\/\/duotrentemoult.org\/","name":"DUO Trentemoult","description":"Balade artistique \u00e0 Trentemoult","publisher":{"@id":"https:\/\/duotrentemoult.org\/#organization"},"potentialAction":[{"@type":"SearchAction","target":{"@type":"EntryPoint","urlTemplate":"https:\/\/duotrentemoult.org\/?s={search_term_string}"},"query-input":"required name=search_term_string"}],"inLanguage":"fr-FR"},{"@type":"Organization","@id":"https:\/\/duotrentemoult.org\/#organization","name":"Duo","url":"https:\/\/duotrentemoult.org\/","sameAs":["https:\/\/www.facebook.com\/DUO-trentemoult-112757837991644\/"],"logo":{"@type":"ImageObject","inLanguage":"fr-FR","@id":"https:\/\/duotrentemoult.org\/#\/schema\/logo\/image\/","url":"http:\/\/duotrentemoult.org\/wp-content\/uploads\/2022\/06\/LOGO.jpg","contentUrl":"http:\/\/duotrentemoult.org\/wp-content\/uploads\/2022\/06\/LOGO.jpg","width":284,"height":285,"caption":"Duo"},"image":{"@id":"https:\/\/duotrentemoult.org\/#\/schema\/logo\/image\/"}}]}},"_links":{"self":[{"href":"https:\/\/duotrentemoult.org\/index.php\/wp-json\/wp\/v2\/pages\/317","targetHints":{"allow":["GET"]}}],"collection":[{"href":"https:\/\/duotrentemoult.org\/index.php\/wp-json\/wp\/v2\/pages"}],"about":[{"href":"https:\/\/duotrentemoult.org\/index.php\/wp-json\/wp\/v2\/types\/page"}],"author":[{"embeddable":true,"href":"https:\/\/duotrentemoult.org\/index.php\/wp-json\/wp\/v2\/users\/1"}],"replies":[{"embeddable":true,"href":"https:\/\/duotrentemoult.org\/index.php\/wp-json\/wp\/v2\/comments?post=317"}],"version-history":[{"count":3,"href":"https:\/\/duotrentemoult.org\/index.php\/wp-json\/wp\/v2\/pages\/317\/revisions"}],"predecessor-version":[{"id":510,"href":"https:\/\/duotrentemoult.org\/index.php\/wp-json\/wp\/v2\/pages\/317\/revisions\/510"}],"wp:attachment":[{"href":"https:\/\/duotrentemoult.org\/index.php\/wp-json\/wp\/v2\/media?parent=317"}],"curies":[{"name":"wp","href":"https:\/\/api.w.org\/{rel}","templated":true}]}}