{"id":321,"date":"2023-05-30T13:48:06","date_gmt":"2023-05-30T11:48:06","guid":{"rendered":"http:\/\/duotrentemoult.org\/?page_id=321"},"modified":"2025-05-31T15:37:44","modified_gmt":"2025-05-31T13:37:44","slug":"claude-basset-katy-keegan","status":"publish","type":"page","link":"https:\/\/duotrentemoult.org\/index.php\/claude-basset-katy-keegan\/","title":{"rendered":"Claude Basset \u2022 Kathy Keegan"},"content":{"rendered":"<p><img loading=\"lazy\" decoding=\"async\" class=\"aligncenter wp-image-684 size-full\" src=\"http:\/\/duotrentemoult.org\/wp-content\/uploads\/2023\/06\/IMG_0120-1.jpeg\" alt=\"\" width=\"640\" height=\"640\" srcset=\"https:\/\/duotrentemoult.org\/wp-content\/uploads\/2023\/06\/IMG_0120-1.jpeg 640w, https:\/\/duotrentemoult.org\/wp-content\/uploads\/2023\/06\/IMG_0120-1-300x300.jpeg 300w, https:\/\/duotrentemoult.org\/wp-content\/uploads\/2023\/06\/IMG_0120-1-150x150.jpeg 150w\" sizes=\"auto, (max-width: 640px) 100vw, 640px\" \/> <img loading=\"lazy\" decoding=\"async\" class=\"aligncenter wp-image-685 size-full\" src=\"http:\/\/duotrentemoult.org\/wp-content\/uploads\/2023\/06\/IMG_0119-1.jpeg\" alt=\"\" width=\"640\" height=\"640\" srcset=\"https:\/\/duotrentemoult.org\/wp-content\/uploads\/2023\/06\/IMG_0119-1.jpeg 640w, https:\/\/duotrentemoult.org\/wp-content\/uploads\/2023\/06\/IMG_0119-1-300x300.jpeg 300w, https:\/\/duotrentemoult.org\/wp-content\/uploads\/2023\/06\/IMG_0119-1-150x150.jpeg 150w\" sizes=\"auto, (max-width: 640px) 100vw, 640px\" \/><\/p>\r\n\r\n<p><strong><em><strong>PHOTO \/ CONTES<\/strong><\/em><\/strong><\/p>\r\n\r\n\r\n\r\n<p><strong><em><strong><em>\u201c\u00c9trange normalit\u00e9\u201d<\/em><\/strong><\/em><\/strong><\/p>\r\n\r\n\r\n\r\n<figure class=\"wp-block-gallery has-nested-images columns-default is-cropped wp-block-gallery-1 is-layout-flex wp-block-gallery-is-layout-flex\">\r\n<figure class=\"wp-block-image size-full\"><img loading=\"lazy\" decoding=\"async\" data-id=\"330\" class=\"aligncenter wp-image-330 size-full\" src=\"http:\/\/duotrentemoult.org\/wp-content\/uploads\/2023\/04\/15E04B3F-D969-4BD2-A314-8614B31CE2AC.jpeg\" alt=\"\" width=\"1000\" height=\"1000\" srcset=\"https:\/\/duotrentemoult.org\/wp-content\/uploads\/2023\/04\/15E04B3F-D969-4BD2-A314-8614B31CE2AC.jpeg 1000w, https:\/\/duotrentemoult.org\/wp-content\/uploads\/2023\/04\/15E04B3F-D969-4BD2-A314-8614B31CE2AC-300x300.jpeg 300w, https:\/\/duotrentemoult.org\/wp-content\/uploads\/2023\/04\/15E04B3F-D969-4BD2-A314-8614B31CE2AC-150x150.jpeg 150w, https:\/\/duotrentemoult.org\/wp-content\/uploads\/2023\/04\/15E04B3F-D969-4BD2-A314-8614B31CE2AC-768x768.jpeg 768w\" sizes=\"auto, (max-width: 1000px) 100vw, 1000px\" \/><\/figure>\r\n<\/figure>\r\n\r\n\r\n\r\n<figure class=\"wp-block-image size-full\"><img loading=\"lazy\" decoding=\"async\" class=\"alignright wp-image-329 size-full\" src=\"http:\/\/duotrentemoult.org\/wp-content\/uploads\/2023\/04\/6D037E1C-17E8-4FA4-A898-930537295E11.jpeg\" alt=\"\" width=\"1000\" height=\"1000\" srcset=\"https:\/\/duotrentemoult.org\/wp-content\/uploads\/2023\/04\/6D037E1C-17E8-4FA4-A898-930537295E11.jpeg 1000w, https:\/\/duotrentemoult.org\/wp-content\/uploads\/2023\/04\/6D037E1C-17E8-4FA4-A898-930537295E11-300x300.jpeg 300w, https:\/\/duotrentemoult.org\/wp-content\/uploads\/2023\/04\/6D037E1C-17E8-4FA4-A898-930537295E11-150x150.jpeg 150w, https:\/\/duotrentemoult.org\/wp-content\/uploads\/2023\/04\/6D037E1C-17E8-4FA4-A898-930537295E11-768x768.jpeg 768w\" sizes=\"auto, (max-width: 1000px) 100vw, 1000px\" \/><\/figure>\r\n\r\n\r\n\r\n<p><br \/>Grand Rue \/ <em><em>Exposition ext\u00e9rieure permanente<\/em><\/em><br \/><em>Se munir d\u2019un portable pour scanner le code-barre qui permettra d\u2019acc\u00e9der au d\u00e9roul\u00e9 audio.<\/em><br \/><strong>Tarifs :<\/strong><br \/>* avec badge, 5\u20ac donnant acc\u00e8s \u00e0 tous les DUOS durant tout le week-end.<br \/>* sans badge, 1\u20ac par DUO<br \/>Achat des badges et des tickets face au Navibus \u00e0 Trentemoult, sous la banni\u00e8re DUO<\/p>\r\n\r\n\r\n\r\n<p>Exposition photographique avec ambiances sonores qui montre la vie dans le village de Trentemoult. Il permettra au public d\u00e9ambulant dans la Grand Rue de d\u00e9couvrir une traduction cr\u00e9ative de l\u2019ambiance locale. En duo, un dialogue insolite s\u2019est construit entre deux protagonistes qui se connaissent peu. Elle lui envoie des messages vocaux, des bribes de sa vie \u00e0 son arriv\u00e9e dans le village, elle est plut\u00f4t \u00abone shot\u00bb.<\/p>\r\n\r\n\r\n\r\n<p>Lui, \u00e7a lui \u00e9voque des images, il est plut\u00f4t \u00ab multi shots \u00bb. Une narration faite d\u2019allers-retours se tricotent entre eux, dans l\u2019instant et l\u2019\u00e9motion partag\u00e9s. Ainsi l\u2019histoire se refait \u00e0 travers les yeux d\u2019un photographe. Encoll\u00e9es sur les murs des maisons de la Grand Rue, cette s\u00e9rie photographique vous propose un p\u00e9riple audio graphique construit sur le chemin al\u00e9atoire d\u2019un morceau de vie, bien ordinaire et quelque peu \u00e9trange.<\/p>\r\n","protected":false},"excerpt":{"rendered":"<p>PHOTO \/ CONTES \u201c\u00c9trange normalit\u00e9\u201d Grand Rue \/ Exposition ext\u00e9rieure permanenteSe munir d\u2019un portable pour scanner le code-barre qui permettra d\u2019acc\u00e9der au d\u00e9roul\u00e9 audio.Tarifs :* avec badge, 5\u20ac donnant acc\u00e8s \u00e0 tous les DUOS durant tout le week-end.* sans badge, &hellip; <a href=\"https:\/\/duotrentemoult.org\/index.php\/claude-basset-katy-keegan\/\">Continuer la lecture <span class=\"meta-nav\">&rarr;<\/span><\/a><\/p>\n","protected":false},"author":1,"featured_media":0,"parent":0,"menu_order":0,"comment_status":"closed","ping_status":"closed","template":"","meta":{"footnotes":""},"class_list":["post-321","page","type-page","status-publish","hentry"],"yoast_head":"<!-- This site is optimized with the Yoast SEO plugin v19.8 - https:\/\/yoast.com\/wordpress\/plugins\/seo\/ -->\n<title>Claude Basset \u2022 Kathy Keegan - DUO Trentemoult<\/title>\n<meta name=\"robots\" content=\"index, follow, max-snippet:-1, max-image-preview:large, max-video-preview:-1\" \/>\n<link rel=\"canonical\" href=\"https:\/\/duotrentemoult.org\/index.php\/claude-basset-katy-keegan\/\" \/>\n<meta property=\"og:locale\" content=\"fr_FR\" \/>\n<meta property=\"og:type\" content=\"article\" \/>\n<meta property=\"og:title\" content=\"Claude Basset \u2022 Kathy Keegan - DUO Trentemoult\" \/>\n<meta property=\"og:description\" content=\"PHOTO \/ CONTES \u201c\u00c9trange normalit\u00e9\u201d Grand Rue \/ Exposition ext\u00e9rieure permanenteSe munir d\u2019un portable pour scanner le code-barre qui permettra d\u2019acc\u00e9der au d\u00e9roul\u00e9 audio.Tarifs :* avec badge, 5\u20ac donnant acc\u00e8s \u00e0 tous les DUOS durant tout le week-end.* sans badge, &hellip; Continuer la lecture &rarr;\" \/>\n<meta property=\"og:url\" content=\"https:\/\/duotrentemoult.org\/index.php\/claude-basset-katy-keegan\/\" \/>\n<meta property=\"og:site_name\" content=\"DUO Trentemoult\" \/>\n<meta property=\"article:publisher\" content=\"https:\/\/www.facebook.com\/DUO-trentemoult-112757837991644\/\" \/>\n<meta property=\"article:modified_time\" content=\"2025-05-31T13:37:44+00:00\" \/>\n<meta property=\"og:image\" content=\"http:\/\/duotrentemoult.org\/wp-content\/uploads\/2023\/06\/IMG_0120-1.jpeg\" \/>\n<meta name=\"twitter:card\" content=\"summary_large_image\" \/>\n<meta name=\"twitter:label1\" content=\"Dur\u00e9e de lecture estim\u00e9e\" \/>\n\t<meta name=\"twitter:data1\" content=\"2 minutes\" \/>\n<script type=\"application\/ld+json\" class=\"yoast-schema-graph\">{\"@context\":\"https:\/\/schema.org\",\"@graph\":[{\"@type\":\"WebPage\",\"@id\":\"https:\/\/duotrentemoult.org\/index.php\/claude-basset-katy-keegan\/\",\"url\":\"https:\/\/duotrentemoult.org\/index.php\/claude-basset-katy-keegan\/\",\"name\":\"Claude Basset \u2022 Kathy Keegan - DUO Trentemoult\",\"isPartOf\":{\"@id\":\"https:\/\/duotrentemoult.org\/#website\"},\"datePublished\":\"2023-05-30T11:48:06+00:00\",\"dateModified\":\"2025-05-31T13:37:44+00:00\",\"breadcrumb\":{\"@id\":\"https:\/\/duotrentemoult.org\/index.php\/claude-basset-katy-keegan\/#breadcrumb\"},\"inLanguage\":\"fr-FR\",\"potentialAction\":[{\"@type\":\"ReadAction\",\"target\":[\"https:\/\/duotrentemoult.org\/index.php\/claude-basset-katy-keegan\/\"]}]},{\"@type\":\"BreadcrumbList\",\"@id\":\"https:\/\/duotrentemoult.org\/index.php\/claude-basset-katy-keegan\/#breadcrumb\",\"itemListElement\":[{\"@type\":\"ListItem\",\"position\":1,\"name\":\"Accueil\",\"item\":\"https:\/\/duotrentemoult.org\/\"},{\"@type\":\"ListItem\",\"position\":2,\"name\":\"Claude Basset \u2022 Kathy Keegan\"}]},{\"@type\":\"WebSite\",\"@id\":\"https:\/\/duotrentemoult.org\/#website\",\"url\":\"https:\/\/duotrentemoult.org\/\",\"name\":\"DUO Trentemoult\",\"description\":\"Balade artistique \u00e0 Trentemoult\",\"publisher\":{\"@id\":\"https:\/\/duotrentemoult.org\/#organization\"},\"potentialAction\":[{\"@type\":\"SearchAction\",\"target\":{\"@type\":\"EntryPoint\",\"urlTemplate\":\"https:\/\/duotrentemoult.org\/?s={search_term_string}\"},\"query-input\":\"required name=search_term_string\"}],\"inLanguage\":\"fr-FR\"},{\"@type\":\"Organization\",\"@id\":\"https:\/\/duotrentemoult.org\/#organization\",\"name\":\"Duo\",\"url\":\"https:\/\/duotrentemoult.org\/\",\"sameAs\":[\"https:\/\/www.facebook.com\/DUO-trentemoult-112757837991644\/\"],\"logo\":{\"@type\":\"ImageObject\",\"inLanguage\":\"fr-FR\",\"@id\":\"https:\/\/duotrentemoult.org\/#\/schema\/logo\/image\/\",\"url\":\"http:\/\/duotrentemoult.org\/wp-content\/uploads\/2022\/06\/LOGO.jpg\",\"contentUrl\":\"http:\/\/duotrentemoult.org\/wp-content\/uploads\/2022\/06\/LOGO.jpg\",\"width\":284,\"height\":285,\"caption\":\"Duo\"},\"image\":{\"@id\":\"https:\/\/duotrentemoult.org\/#\/schema\/logo\/image\/\"}}]}<\/script>\n<!-- \/ Yoast SEO plugin. -->","yoast_head_json":{"title":"Claude Basset \u2022 Kathy Keegan - DUO Trentemoult","robots":{"index":"index","follow":"follow","max-snippet":"max-snippet:-1","max-image-preview":"max-image-preview:large","max-video-preview":"max-video-preview:-1"},"canonical":"https:\/\/duotrentemoult.org\/index.php\/claude-basset-katy-keegan\/","og_locale":"fr_FR","og_type":"article","og_title":"Claude Basset \u2022 Kathy Keegan - DUO Trentemoult","og_description":"PHOTO \/ CONTES \u201c\u00c9trange normalit\u00e9\u201d Grand Rue \/ Exposition ext\u00e9rieure permanenteSe munir d\u2019un portable pour scanner le code-barre qui permettra d\u2019acc\u00e9der au d\u00e9roul\u00e9 audio.Tarifs :* avec badge, 5\u20ac donnant acc\u00e8s \u00e0 tous les DUOS durant tout le week-end.* sans badge, &hellip; Continuer la lecture &rarr;","og_url":"https:\/\/duotrentemoult.org\/index.php\/claude-basset-katy-keegan\/","og_site_name":"DUO Trentemoult","article_publisher":"https:\/\/www.facebook.com\/DUO-trentemoult-112757837991644\/","article_modified_time":"2025-05-31T13:37:44+00:00","og_image":[{"url":"http:\/\/duotrentemoult.org\/wp-content\/uploads\/2023\/06\/IMG_0120-1.jpeg"}],"twitter_card":"summary_large_image","twitter_misc":{"Dur\u00e9e de lecture estim\u00e9e":"2 minutes"},"schema":{"@context":"https:\/\/schema.org","@graph":[{"@type":"WebPage","@id":"https:\/\/duotrentemoult.org\/index.php\/claude-basset-katy-keegan\/","url":"https:\/\/duotrentemoult.org\/index.php\/claude-basset-katy-keegan\/","name":"Claude Basset \u2022 Kathy Keegan - DUO Trentemoult","isPartOf":{"@id":"https:\/\/duotrentemoult.org\/#website"},"datePublished":"2023-05-30T11:48:06+00:00","dateModified":"2025-05-31T13:37:44+00:00","breadcrumb":{"@id":"https:\/\/duotrentemoult.org\/index.php\/claude-basset-katy-keegan\/#breadcrumb"},"inLanguage":"fr-FR","potentialAction":[{"@type":"ReadAction","target":["https:\/\/duotrentemoult.org\/index.php\/claude-basset-katy-keegan\/"]}]},{"@type":"BreadcrumbList","@id":"https:\/\/duotrentemoult.org\/index.php\/claude-basset-katy-keegan\/#breadcrumb","itemListElement":[{"@type":"ListItem","position":1,"name":"Accueil","item":"https:\/\/duotrentemoult.org\/"},{"@type":"ListItem","position":2,"name":"Claude Basset \u2022 Kathy Keegan"}]},{"@type":"WebSite","@id":"https:\/\/duotrentemoult.org\/#website","url":"https:\/\/duotrentemoult.org\/","name":"DUO Trentemoult","description":"Balade artistique \u00e0 Trentemoult","publisher":{"@id":"https:\/\/duotrentemoult.org\/#organization"},"potentialAction":[{"@type":"SearchAction","target":{"@type":"EntryPoint","urlTemplate":"https:\/\/duotrentemoult.org\/?s={search_term_string}"},"query-input":"required name=search_term_string"}],"inLanguage":"fr-FR"},{"@type":"Organization","@id":"https:\/\/duotrentemoult.org\/#organization","name":"Duo","url":"https:\/\/duotrentemoult.org\/","sameAs":["https:\/\/www.facebook.com\/DUO-trentemoult-112757837991644\/"],"logo":{"@type":"ImageObject","inLanguage":"fr-FR","@id":"https:\/\/duotrentemoult.org\/#\/schema\/logo\/image\/","url":"http:\/\/duotrentemoult.org\/wp-content\/uploads\/2022\/06\/LOGO.jpg","contentUrl":"http:\/\/duotrentemoult.org\/wp-content\/uploads\/2022\/06\/LOGO.jpg","width":284,"height":285,"caption":"Duo"},"image":{"@id":"https:\/\/duotrentemoult.org\/#\/schema\/logo\/image\/"}}]}},"_links":{"self":[{"href":"https:\/\/duotrentemoult.org\/index.php\/wp-json\/wp\/v2\/pages\/321","targetHints":{"allow":["GET"]}}],"collection":[{"href":"https:\/\/duotrentemoult.org\/index.php\/wp-json\/wp\/v2\/pages"}],"about":[{"href":"https:\/\/duotrentemoult.org\/index.php\/wp-json\/wp\/v2\/types\/page"}],"author":[{"embeddable":true,"href":"https:\/\/duotrentemoult.org\/index.php\/wp-json\/wp\/v2\/users\/1"}],"replies":[{"embeddable":true,"href":"https:\/\/duotrentemoult.org\/index.php\/wp-json\/wp\/v2\/comments?post=321"}],"version-history":[{"count":6,"href":"https:\/\/duotrentemoult.org\/index.php\/wp-json\/wp\/v2\/pages\/321\/revisions"}],"predecessor-version":[{"id":1006,"href":"https:\/\/duotrentemoult.org\/index.php\/wp-json\/wp\/v2\/pages\/321\/revisions\/1006"}],"wp:attachment":[{"href":"https:\/\/duotrentemoult.org\/index.php\/wp-json\/wp\/v2\/media?parent=321"}],"curies":[{"name":"wp","href":"https:\/\/api.w.org\/{rel}","templated":true}]}}