{"id":323,"date":"2023-05-30T13:33:10","date_gmt":"2023-05-30T11:33:10","guid":{"rendered":"http:\/\/duotrentemoult.org\/?page_id=323"},"modified":"2023-06-06T11:14:02","modified_gmt":"2023-06-06T09:14:02","slug":"anne-landais-cyrille-prevaud","status":"publish","type":"page","link":"https:\/\/duotrentemoult.org\/index.php\/anne-landais-cyrille-prevaud\/","title":{"rendered":"Anne Landais \u2022 Cyrille Pr\u00e9vaud"},"content":{"rendered":"\n<p><strong><em><strong><em><strong>PHOTO \/ Musique<\/strong><\/em><\/strong><\/em><\/strong><\/p>\n\n\n\n<p><strong><em><strong><em><strong><em>\u201cEnsemble\u201d<\/em><\/strong><\/em><\/strong><\/em><\/strong><\/p>\n\n\n\n<figure class=\"wp-block-gallery has-nested-images columns-default is-cropped wp-block-gallery-1 is-layout-flex wp-block-gallery-is-layout-flex\">\n<figure class=\"wp-block-image size-large\"><img decoding=\"async\" data-id=\"434\" src=\"http:\/\/duotrentemoult.org\/wp-content\/uploads\/2023\/05\/IMG_0098-1-1024x1024.jpeg\" alt=\"\" class=\"wp-image-434\"\/><\/figure>\n<\/figure>\n\n\n\n<p>Atelier attenant au 16 rue Roin\u00e9 <\/p>\n\n\n\n<p><em>\u2022 Photo concert :\u00a0 samedi 15h et 19h \/ dimanche 12h et 15h \/ Dur\u00e9e 35 mn<\/em><br><em>\u2022 En continu en dehors de ces horaires<\/em><br><br><strong>Tarifs :<\/strong><br>* avec badge, 5\u20ac donnant acc\u00e8s \u00e0 tous les DUOS durant tout le week-end.<br>* sans badge, 1\u20ac par DUO<br>Achat des badges et des tickets face au Navibus \u00e0 Trentemoult, sous la banni\u00e8re DUO.<\/p>\n\n\n\n<p>Cyrille Pr\u00e9vaud guitariste, amoureux de sons et de vibrations et Anne Landais photographe documentaire.<\/p>\n\n\n\n<p>\u00ab Toutes &#8211; M\u00e8re-fille \u00bb est un projet pluriforme (textes, son et images fixes) qui parle de construction, de transmission, de filiation, de complicit\u00e9, de tension et met en exergue la complexit\u00e9 de la relation. Avoir un moment pour \u00eatre ensemble \u00e9tait tr\u00e8s important pour ces duos, peut-\u00eatre pour mieux se d\u00e9tacher&#8230;<\/p>\n\n\n\n<p>L\u2019association du visuel et du sonore ouvre \u00e0 l\u2019imaginaire.<\/p>\n\n\n\n<p>Un espace intime de rencontre \u00ab m\u00e8re-fille \u00bb sera install\u00e9 dans le lieu pour des \u00abconsultations\u00bb sono-photographiques.<\/p>\n","protected":false},"excerpt":{"rendered":"<p>PHOTO \/ Musique \u201cEnsemble\u201d Atelier attenant au 16 rue Roin\u00e9 \u2022 Photo concert :\u00a0 samedi 15h et 19h \/ dimanche 12h et 15h \/ Dur\u00e9e 35 mn\u2022 En continu en dehors de ces horaires Tarifs :* avec badge, 5\u20ac donnant &hellip; <a href=\"https:\/\/duotrentemoult.org\/index.php\/anne-landais-cyrille-prevaud\/\">Continuer la lecture <span class=\"meta-nav\">&rarr;<\/span><\/a><\/p>\n","protected":false},"author":1,"featured_media":0,"parent":0,"menu_order":0,"comment_status":"closed","ping_status":"closed","template":"","meta":{"footnotes":""},"class_list":["post-323","page","type-page","status-publish","hentry"],"yoast_head":"<!-- This site is optimized with the Yoast SEO plugin v19.8 - https:\/\/yoast.com\/wordpress\/plugins\/seo\/ -->\n<title>Anne Landais \u2022 Cyrille Pr\u00e9vaud - DUO Trentemoult<\/title>\n<meta name=\"robots\" content=\"index, follow, max-snippet:-1, max-image-preview:large, max-video-preview:-1\" \/>\n<link rel=\"canonical\" href=\"https:\/\/duotrentemoult.org\/index.php\/anne-landais-cyrille-prevaud\/\" \/>\n<meta property=\"og:locale\" content=\"fr_FR\" \/>\n<meta property=\"og:type\" content=\"article\" \/>\n<meta property=\"og:title\" content=\"Anne Landais \u2022 Cyrille Pr\u00e9vaud - DUO Trentemoult\" \/>\n<meta property=\"og:description\" content=\"PHOTO \/ Musique \u201cEnsemble\u201d Atelier attenant au 16 rue Roin\u00e9 \u2022 Photo concert :\u00a0 samedi 15h et 19h \/ dimanche 12h et 15h \/ Dur\u00e9e 35 mn\u2022 En continu en dehors de ces horaires Tarifs :* avec badge, 5\u20ac donnant &hellip; Continuer la lecture &rarr;\" \/>\n<meta property=\"og:url\" content=\"https:\/\/duotrentemoult.org\/index.php\/anne-landais-cyrille-prevaud\/\" \/>\n<meta property=\"og:site_name\" content=\"DUO Trentemoult\" \/>\n<meta property=\"article:publisher\" content=\"https:\/\/www.facebook.com\/DUO-trentemoult-112757837991644\/\" \/>\n<meta property=\"article:modified_time\" content=\"2023-06-06T09:14:02+00:00\" \/>\n<meta property=\"og:image\" content=\"http:\/\/duotrentemoult.org\/wp-content\/uploads\/2023\/05\/IMG_0098-1-1024x1024.jpeg\" \/>\n<meta name=\"twitter:card\" content=\"summary_large_image\" \/>\n<meta name=\"twitter:label1\" content=\"Dur\u00e9e de lecture estim\u00e9e\" \/>\n\t<meta name=\"twitter:data1\" content=\"1 minute\" \/>\n<script type=\"application\/ld+json\" class=\"yoast-schema-graph\">{\"@context\":\"https:\/\/schema.org\",\"@graph\":[{\"@type\":\"WebPage\",\"@id\":\"https:\/\/duotrentemoult.org\/index.php\/anne-landais-cyrille-prevaud\/\",\"url\":\"https:\/\/duotrentemoult.org\/index.php\/anne-landais-cyrille-prevaud\/\",\"name\":\"Anne Landais \u2022 Cyrille Pr\u00e9vaud - DUO Trentemoult\",\"isPartOf\":{\"@id\":\"https:\/\/duotrentemoult.org\/#website\"},\"datePublished\":\"2023-05-30T11:33:10+00:00\",\"dateModified\":\"2023-06-06T09:14:02+00:00\",\"breadcrumb\":{\"@id\":\"https:\/\/duotrentemoult.org\/index.php\/anne-landais-cyrille-prevaud\/#breadcrumb\"},\"inLanguage\":\"fr-FR\",\"potentialAction\":[{\"@type\":\"ReadAction\",\"target\":[\"https:\/\/duotrentemoult.org\/index.php\/anne-landais-cyrille-prevaud\/\"]}]},{\"@type\":\"BreadcrumbList\",\"@id\":\"https:\/\/duotrentemoult.org\/index.php\/anne-landais-cyrille-prevaud\/#breadcrumb\",\"itemListElement\":[{\"@type\":\"ListItem\",\"position\":1,\"name\":\"Accueil\",\"item\":\"https:\/\/duotrentemoult.org\/\"},{\"@type\":\"ListItem\",\"position\":2,\"name\":\"Anne Landais \u2022 Cyrille Pr\u00e9vaud\"}]},{\"@type\":\"WebSite\",\"@id\":\"https:\/\/duotrentemoult.org\/#website\",\"url\":\"https:\/\/duotrentemoult.org\/\",\"name\":\"DUO Trentemoult\",\"description\":\"Balade artistique \u00e0 Trentemoult\",\"publisher\":{\"@id\":\"https:\/\/duotrentemoult.org\/#organization\"},\"potentialAction\":[{\"@type\":\"SearchAction\",\"target\":{\"@type\":\"EntryPoint\",\"urlTemplate\":\"https:\/\/duotrentemoult.org\/?s={search_term_string}\"},\"query-input\":\"required name=search_term_string\"}],\"inLanguage\":\"fr-FR\"},{\"@type\":\"Organization\",\"@id\":\"https:\/\/duotrentemoult.org\/#organization\",\"name\":\"Duo\",\"url\":\"https:\/\/duotrentemoult.org\/\",\"sameAs\":[\"https:\/\/www.facebook.com\/DUO-trentemoult-112757837991644\/\"],\"logo\":{\"@type\":\"ImageObject\",\"inLanguage\":\"fr-FR\",\"@id\":\"https:\/\/duotrentemoult.org\/#\/schema\/logo\/image\/\",\"url\":\"http:\/\/duotrentemoult.org\/wp-content\/uploads\/2022\/06\/LOGO.jpg\",\"contentUrl\":\"http:\/\/duotrentemoult.org\/wp-content\/uploads\/2022\/06\/LOGO.jpg\",\"width\":284,\"height\":285,\"caption\":\"Duo\"},\"image\":{\"@id\":\"https:\/\/duotrentemoult.org\/#\/schema\/logo\/image\/\"}}]}<\/script>\n<!-- \/ Yoast SEO plugin. -->","yoast_head_json":{"title":"Anne Landais \u2022 Cyrille Pr\u00e9vaud - DUO Trentemoult","robots":{"index":"index","follow":"follow","max-snippet":"max-snippet:-1","max-image-preview":"max-image-preview:large","max-video-preview":"max-video-preview:-1"},"canonical":"https:\/\/duotrentemoult.org\/index.php\/anne-landais-cyrille-prevaud\/","og_locale":"fr_FR","og_type":"article","og_title":"Anne Landais \u2022 Cyrille Pr\u00e9vaud - DUO Trentemoult","og_description":"PHOTO \/ Musique \u201cEnsemble\u201d Atelier attenant au 16 rue Roin\u00e9 \u2022 Photo concert :\u00a0 samedi 15h et 19h \/ dimanche 12h et 15h \/ Dur\u00e9e 35 mn\u2022 En continu en dehors de ces horaires Tarifs :* avec badge, 5\u20ac donnant &hellip; Continuer la lecture &rarr;","og_url":"https:\/\/duotrentemoult.org\/index.php\/anne-landais-cyrille-prevaud\/","og_site_name":"DUO Trentemoult","article_publisher":"https:\/\/www.facebook.com\/DUO-trentemoult-112757837991644\/","article_modified_time":"2023-06-06T09:14:02+00:00","og_image":[{"url":"http:\/\/duotrentemoult.org\/wp-content\/uploads\/2023\/05\/IMG_0098-1-1024x1024.jpeg"}],"twitter_card":"summary_large_image","twitter_misc":{"Dur\u00e9e de lecture estim\u00e9e":"1 minute"},"schema":{"@context":"https:\/\/schema.org","@graph":[{"@type":"WebPage","@id":"https:\/\/duotrentemoult.org\/index.php\/anne-landais-cyrille-prevaud\/","url":"https:\/\/duotrentemoult.org\/index.php\/anne-landais-cyrille-prevaud\/","name":"Anne Landais \u2022 Cyrille Pr\u00e9vaud - DUO Trentemoult","isPartOf":{"@id":"https:\/\/duotrentemoult.org\/#website"},"datePublished":"2023-05-30T11:33:10+00:00","dateModified":"2023-06-06T09:14:02+00:00","breadcrumb":{"@id":"https:\/\/duotrentemoult.org\/index.php\/anne-landais-cyrille-prevaud\/#breadcrumb"},"inLanguage":"fr-FR","potentialAction":[{"@type":"ReadAction","target":["https:\/\/duotrentemoult.org\/index.php\/anne-landais-cyrille-prevaud\/"]}]},{"@type":"BreadcrumbList","@id":"https:\/\/duotrentemoult.org\/index.php\/anne-landais-cyrille-prevaud\/#breadcrumb","itemListElement":[{"@type":"ListItem","position":1,"name":"Accueil","item":"https:\/\/duotrentemoult.org\/"},{"@type":"ListItem","position":2,"name":"Anne Landais \u2022 Cyrille Pr\u00e9vaud"}]},{"@type":"WebSite","@id":"https:\/\/duotrentemoult.org\/#website","url":"https:\/\/duotrentemoult.org\/","name":"DUO Trentemoult","description":"Balade artistique \u00e0 Trentemoult","publisher":{"@id":"https:\/\/duotrentemoult.org\/#organization"},"potentialAction":[{"@type":"SearchAction","target":{"@type":"EntryPoint","urlTemplate":"https:\/\/duotrentemoult.org\/?s={search_term_string}"},"query-input":"required name=search_term_string"}],"inLanguage":"fr-FR"},{"@type":"Organization","@id":"https:\/\/duotrentemoult.org\/#organization","name":"Duo","url":"https:\/\/duotrentemoult.org\/","sameAs":["https:\/\/www.facebook.com\/DUO-trentemoult-112757837991644\/"],"logo":{"@type":"ImageObject","inLanguage":"fr-FR","@id":"https:\/\/duotrentemoult.org\/#\/schema\/logo\/image\/","url":"http:\/\/duotrentemoult.org\/wp-content\/uploads\/2022\/06\/LOGO.jpg","contentUrl":"http:\/\/duotrentemoult.org\/wp-content\/uploads\/2022\/06\/LOGO.jpg","width":284,"height":285,"caption":"Duo"},"image":{"@id":"https:\/\/duotrentemoult.org\/#\/schema\/logo\/image\/"}}]}},"_links":{"self":[{"href":"https:\/\/duotrentemoult.org\/index.php\/wp-json\/wp\/v2\/pages\/323","targetHints":{"allow":["GET"]}}],"collection":[{"href":"https:\/\/duotrentemoult.org\/index.php\/wp-json\/wp\/v2\/pages"}],"about":[{"href":"https:\/\/duotrentemoult.org\/index.php\/wp-json\/wp\/v2\/types\/page"}],"author":[{"embeddable":true,"href":"https:\/\/duotrentemoult.org\/index.php\/wp-json\/wp\/v2\/users\/1"}],"replies":[{"embeddable":true,"href":"https:\/\/duotrentemoult.org\/index.php\/wp-json\/wp\/v2\/comments?post=323"}],"version-history":[{"count":5,"href":"https:\/\/duotrentemoult.org\/index.php\/wp-json\/wp\/v2\/pages\/323\/revisions"}],"predecessor-version":[{"id":520,"href":"https:\/\/duotrentemoult.org\/index.php\/wp-json\/wp\/v2\/pages\/323\/revisions\/520"}],"wp:attachment":[{"href":"https:\/\/duotrentemoult.org\/index.php\/wp-json\/wp\/v2\/media?parent=323"}],"curies":[{"name":"wp","href":"https:\/\/api.w.org\/{rel}","templated":true}]}}