{"id":325,"date":"2023-05-30T13:39:32","date_gmt":"2023-05-30T11:39:32","guid":{"rendered":"http:\/\/duotrentemoult.org\/?page_id=325"},"modified":"2023-06-04T08:42:55","modified_gmt":"2023-06-04T06:42:55","slug":"max-tchung-ming-collectif-cpmsmf","status":"publish","type":"page","link":"https:\/\/duotrentemoult.org\/index.php\/max-tchung-ming-collectif-cpmsmf\/","title":{"rendered":"Max Tchung-Ming \u2022 Collectif #CPMSMF"},"content":{"rendered":"\n<p class=\"has-text-align-center\"><strong>C\u2019EST PAS MARQU\u00c9 SUR MON FRONT<\/strong><\/p>\n\n\n\n<p><strong><em><strong><em><strong><em><strong>PHOTO \/ Musiqu<\/strong><\/em><\/strong><\/em><\/strong><\/em><\/strong>e <\/p>\n\n\n\n<figure class=\"wp-block-gallery has-nested-images columns-default is-cropped wp-block-gallery-1 is-layout-flex wp-block-gallery-is-layout-flex\">\n<figure class=\"wp-block-image size-full\"><img loading=\"lazy\" decoding=\"async\" width=\"640\" height=\"324\" data-id=\"350\" src=\"http:\/\/duotrentemoult.org\/wp-content\/uploads\/2023\/05\/IMG_3579.png\" alt=\"\" class=\"wp-image-350\" srcset=\"https:\/\/duotrentemoult.org\/wp-content\/uploads\/2023\/05\/IMG_3579.png 640w, https:\/\/duotrentemoult.org\/wp-content\/uploads\/2023\/05\/IMG_3579-300x152.png 300w, https:\/\/duotrentemoult.org\/wp-content\/uploads\/2023\/05\/IMG_3579-500x253.png 500w\" sizes=\"auto, (max-width: 640px) 100vw, 640px\" \/><\/figure>\n<\/figure>\n\n\n\n<p>Maison des Iles \/ <em>Exposition permanente<\/em> <br><strong>Tarifs :<\/strong><br>* avec badge, 5\u20ac donnant acc\u00e8s \u00e0 tous les DUOS durant tout le week-end.<br>* sans badge, 1\u20ac par DUO<br>Achat des badges et des tickets face au Navibus \u00e0 Trentemoult, sous la banni\u00e8re DUO<\/p>\n\n\n\n<p>Travail personnel entam\u00e9 en 2012, fruit d\u2019une d\u00e9marche personnelle et engag\u00e9e. Il s\u2019agit d\u2019une galerie de portraits r\u00e9unissant des hommes et des femmes noirs, des cadres, des intellectuels.&nbsp; Les portraits sont pris sous le m\u00eame angle, avec la m\u00eame lumi\u00e8re, \u00e0 la m\u00eame distance et les peaux ne sont pas retouch\u00e9es. La d\u00e9marche est avant tout artistique. <\/p>\n\n\n\n<p>Il n\u2019y a pas de jugement de valeur. Je veux d\u00e9livrer un message d\u2019amour et de droit \u00e0 la diversit\u00e9 et de donner l\u2019envie aux plus jeunes issus des minorit\u00e9s, \u00e0 ceux qui ont une mauvaise estime d\u2019eux-m\u00eames, l\u2019envie de r\u00e9ussir. Dire que c\u2019est possible. Parce que je suis black&#8230; euh, noir ! <\/p>\n\n\n\n<p>Parce que je suis Fran\u00e7ais, parce que je suis fier de travailler \u00e0 l\u2019Education Nationale, parce que je suis multiple et heureux d\u2019appartenir \u00e0 un monde m\u00e9tiss\u00e9, m\u00e9lang\u00e9, avec toutes ces diff\u00e9rences, parce que je crois au mod\u00e8le, \u00e0 l\u2019exemplarit\u00e9.<\/p>\n\n\n\n<p>Ce travail \u00e9voque bien s\u00fbr la probl\u00e9matique des pr\u00e9jug\u00e9s et des st\u00e9r\u00e9otypes.<\/p>\n\n\n\n<p>Cette exposition s\u2019accompagne de cr\u00e9ations musicales et sc\u00e9niques \u00ab&nbsp;De mon bagage \u00bb, \u00ab Bleu, blanc, Blues \u00bb&#8230;&nbsp;<\/p>\n","protected":false},"excerpt":{"rendered":"<p>C\u2019EST PAS MARQU\u00c9 SUR MON FRONT PHOTO \/ Musique Maison des Iles \/ Exposition permanente Tarifs :* avec badge, 5\u20ac donnant acc\u00e8s \u00e0 tous les DUOS durant tout le week-end.* sans badge, 1\u20ac par DUOAchat des badges et des tickets &hellip; <a href=\"https:\/\/duotrentemoult.org\/index.php\/max-tchung-ming-collectif-cpmsmf\/\">Continuer la lecture <span class=\"meta-nav\">&rarr;<\/span><\/a><\/p>\n","protected":false},"author":1,"featured_media":0,"parent":0,"menu_order":0,"comment_status":"closed","ping_status":"closed","template":"","meta":{"footnotes":""},"class_list":["post-325","page","type-page","status-publish","hentry"],"yoast_head":"<!-- This site is optimized with the Yoast SEO plugin v19.8 - https:\/\/yoast.com\/wordpress\/plugins\/seo\/ -->\n<title>Max Tchung-Ming \u2022 Collectif #CPMSMF - DUO Trentemoult<\/title>\n<meta name=\"robots\" content=\"index, follow, max-snippet:-1, max-image-preview:large, max-video-preview:-1\" \/>\n<link rel=\"canonical\" href=\"https:\/\/duotrentemoult.org\/index.php\/max-tchung-ming-collectif-cpmsmf\/\" \/>\n<meta property=\"og:locale\" content=\"fr_FR\" \/>\n<meta property=\"og:type\" content=\"article\" \/>\n<meta property=\"og:title\" content=\"Max Tchung-Ming \u2022 Collectif #CPMSMF - DUO Trentemoult\" \/>\n<meta property=\"og:description\" content=\"C\u2019EST PAS MARQU\u00c9 SUR MON FRONT PHOTO \/ Musique Maison des Iles \/ Exposition permanente Tarifs :* avec badge, 5\u20ac donnant acc\u00e8s \u00e0 tous les DUOS durant tout le week-end.* sans badge, 1\u20ac par DUOAchat des badges et des tickets &hellip; Continuer la lecture &rarr;\" \/>\n<meta property=\"og:url\" content=\"https:\/\/duotrentemoult.org\/index.php\/max-tchung-ming-collectif-cpmsmf\/\" \/>\n<meta property=\"og:site_name\" content=\"DUO Trentemoult\" \/>\n<meta property=\"article:publisher\" content=\"https:\/\/www.facebook.com\/DUO-trentemoult-112757837991644\/\" \/>\n<meta property=\"article:modified_time\" content=\"2023-06-04T06:42:55+00:00\" \/>\n<meta property=\"og:image\" content=\"http:\/\/duotrentemoult.org\/wp-content\/uploads\/2023\/05\/IMG_3579.png\" \/>\n<meta name=\"twitter:card\" content=\"summary_large_image\" \/>\n<meta name=\"twitter:label1\" content=\"Dur\u00e9e de lecture estim\u00e9e\" \/>\n\t<meta name=\"twitter:data1\" content=\"1 minute\" \/>\n<script type=\"application\/ld+json\" class=\"yoast-schema-graph\">{\"@context\":\"https:\/\/schema.org\",\"@graph\":[{\"@type\":\"WebPage\",\"@id\":\"https:\/\/duotrentemoult.org\/index.php\/max-tchung-ming-collectif-cpmsmf\/\",\"url\":\"https:\/\/duotrentemoult.org\/index.php\/max-tchung-ming-collectif-cpmsmf\/\",\"name\":\"Max Tchung-Ming \u2022 Collectif #CPMSMF - DUO Trentemoult\",\"isPartOf\":{\"@id\":\"https:\/\/duotrentemoult.org\/#website\"},\"datePublished\":\"2023-05-30T11:39:32+00:00\",\"dateModified\":\"2023-06-04T06:42:55+00:00\",\"breadcrumb\":{\"@id\":\"https:\/\/duotrentemoult.org\/index.php\/max-tchung-ming-collectif-cpmsmf\/#breadcrumb\"},\"inLanguage\":\"fr-FR\",\"potentialAction\":[{\"@type\":\"ReadAction\",\"target\":[\"https:\/\/duotrentemoult.org\/index.php\/max-tchung-ming-collectif-cpmsmf\/\"]}]},{\"@type\":\"BreadcrumbList\",\"@id\":\"https:\/\/duotrentemoult.org\/index.php\/max-tchung-ming-collectif-cpmsmf\/#breadcrumb\",\"itemListElement\":[{\"@type\":\"ListItem\",\"position\":1,\"name\":\"Accueil\",\"item\":\"https:\/\/duotrentemoult.org\/\"},{\"@type\":\"ListItem\",\"position\":2,\"name\":\"Max Tchung-Ming \u2022 Collectif #CPMSMF\"}]},{\"@type\":\"WebSite\",\"@id\":\"https:\/\/duotrentemoult.org\/#website\",\"url\":\"https:\/\/duotrentemoult.org\/\",\"name\":\"DUO Trentemoult\",\"description\":\"Balade artistique \u00e0 Trentemoult\",\"publisher\":{\"@id\":\"https:\/\/duotrentemoult.org\/#organization\"},\"potentialAction\":[{\"@type\":\"SearchAction\",\"target\":{\"@type\":\"EntryPoint\",\"urlTemplate\":\"https:\/\/duotrentemoult.org\/?s={search_term_string}\"},\"query-input\":\"required name=search_term_string\"}],\"inLanguage\":\"fr-FR\"},{\"@type\":\"Organization\",\"@id\":\"https:\/\/duotrentemoult.org\/#organization\",\"name\":\"Duo\",\"url\":\"https:\/\/duotrentemoult.org\/\",\"sameAs\":[\"https:\/\/www.facebook.com\/DUO-trentemoult-112757837991644\/\"],\"logo\":{\"@type\":\"ImageObject\",\"inLanguage\":\"fr-FR\",\"@id\":\"https:\/\/duotrentemoult.org\/#\/schema\/logo\/image\/\",\"url\":\"http:\/\/duotrentemoult.org\/wp-content\/uploads\/2022\/06\/LOGO.jpg\",\"contentUrl\":\"http:\/\/duotrentemoult.org\/wp-content\/uploads\/2022\/06\/LOGO.jpg\",\"width\":284,\"height\":285,\"caption\":\"Duo\"},\"image\":{\"@id\":\"https:\/\/duotrentemoult.org\/#\/schema\/logo\/image\/\"}}]}<\/script>\n<!-- \/ Yoast SEO plugin. -->","yoast_head_json":{"title":"Max Tchung-Ming \u2022 Collectif #CPMSMF - DUO Trentemoult","robots":{"index":"index","follow":"follow","max-snippet":"max-snippet:-1","max-image-preview":"max-image-preview:large","max-video-preview":"max-video-preview:-1"},"canonical":"https:\/\/duotrentemoult.org\/index.php\/max-tchung-ming-collectif-cpmsmf\/","og_locale":"fr_FR","og_type":"article","og_title":"Max Tchung-Ming \u2022 Collectif #CPMSMF - DUO Trentemoult","og_description":"C\u2019EST PAS MARQU\u00c9 SUR MON FRONT PHOTO \/ Musique Maison des Iles \/ Exposition permanente Tarifs :* avec badge, 5\u20ac donnant acc\u00e8s \u00e0 tous les DUOS durant tout le week-end.* sans badge, 1\u20ac par DUOAchat des badges et des tickets &hellip; Continuer la lecture &rarr;","og_url":"https:\/\/duotrentemoult.org\/index.php\/max-tchung-ming-collectif-cpmsmf\/","og_site_name":"DUO Trentemoult","article_publisher":"https:\/\/www.facebook.com\/DUO-trentemoult-112757837991644\/","article_modified_time":"2023-06-04T06:42:55+00:00","og_image":[{"url":"http:\/\/duotrentemoult.org\/wp-content\/uploads\/2023\/05\/IMG_3579.png"}],"twitter_card":"summary_large_image","twitter_misc":{"Dur\u00e9e de lecture estim\u00e9e":"1 minute"},"schema":{"@context":"https:\/\/schema.org","@graph":[{"@type":"WebPage","@id":"https:\/\/duotrentemoult.org\/index.php\/max-tchung-ming-collectif-cpmsmf\/","url":"https:\/\/duotrentemoult.org\/index.php\/max-tchung-ming-collectif-cpmsmf\/","name":"Max Tchung-Ming \u2022 Collectif #CPMSMF - DUO Trentemoult","isPartOf":{"@id":"https:\/\/duotrentemoult.org\/#website"},"datePublished":"2023-05-30T11:39:32+00:00","dateModified":"2023-06-04T06:42:55+00:00","breadcrumb":{"@id":"https:\/\/duotrentemoult.org\/index.php\/max-tchung-ming-collectif-cpmsmf\/#breadcrumb"},"inLanguage":"fr-FR","potentialAction":[{"@type":"ReadAction","target":["https:\/\/duotrentemoult.org\/index.php\/max-tchung-ming-collectif-cpmsmf\/"]}]},{"@type":"BreadcrumbList","@id":"https:\/\/duotrentemoult.org\/index.php\/max-tchung-ming-collectif-cpmsmf\/#breadcrumb","itemListElement":[{"@type":"ListItem","position":1,"name":"Accueil","item":"https:\/\/duotrentemoult.org\/"},{"@type":"ListItem","position":2,"name":"Max Tchung-Ming \u2022 Collectif #CPMSMF"}]},{"@type":"WebSite","@id":"https:\/\/duotrentemoult.org\/#website","url":"https:\/\/duotrentemoult.org\/","name":"DUO Trentemoult","description":"Balade artistique \u00e0 Trentemoult","publisher":{"@id":"https:\/\/duotrentemoult.org\/#organization"},"potentialAction":[{"@type":"SearchAction","target":{"@type":"EntryPoint","urlTemplate":"https:\/\/duotrentemoult.org\/?s={search_term_string}"},"query-input":"required name=search_term_string"}],"inLanguage":"fr-FR"},{"@type":"Organization","@id":"https:\/\/duotrentemoult.org\/#organization","name":"Duo","url":"https:\/\/duotrentemoult.org\/","sameAs":["https:\/\/www.facebook.com\/DUO-trentemoult-112757837991644\/"],"logo":{"@type":"ImageObject","inLanguage":"fr-FR","@id":"https:\/\/duotrentemoult.org\/#\/schema\/logo\/image\/","url":"http:\/\/duotrentemoult.org\/wp-content\/uploads\/2022\/06\/LOGO.jpg","contentUrl":"http:\/\/duotrentemoult.org\/wp-content\/uploads\/2022\/06\/LOGO.jpg","width":284,"height":285,"caption":"Duo"},"image":{"@id":"https:\/\/duotrentemoult.org\/#\/schema\/logo\/image\/"}}]}},"_links":{"self":[{"href":"https:\/\/duotrentemoult.org\/index.php\/wp-json\/wp\/v2\/pages\/325","targetHints":{"allow":["GET"]}}],"collection":[{"href":"https:\/\/duotrentemoult.org\/index.php\/wp-json\/wp\/v2\/pages"}],"about":[{"href":"https:\/\/duotrentemoult.org\/index.php\/wp-json\/wp\/v2\/types\/page"}],"author":[{"embeddable":true,"href":"https:\/\/duotrentemoult.org\/index.php\/wp-json\/wp\/v2\/users\/1"}],"replies":[{"embeddable":true,"href":"https:\/\/duotrentemoult.org\/index.php\/wp-json\/wp\/v2\/comments?post=325"}],"version-history":[{"count":6,"href":"https:\/\/duotrentemoult.org\/index.php\/wp-json\/wp\/v2\/pages\/325\/revisions"}],"predecessor-version":[{"id":519,"href":"https:\/\/duotrentemoult.org\/index.php\/wp-json\/wp\/v2\/pages\/325\/revisions\/519"}],"wp:attachment":[{"href":"https:\/\/duotrentemoult.org\/index.php\/wp-json\/wp\/v2\/media?parent=325"}],"curies":[{"name":"wp","href":"https:\/\/api.w.org\/{rel}","templated":true}]}}