{"id":464,"date":"2023-05-30T14:29:05","date_gmt":"2023-05-30T12:29:05","guid":{"rendered":"https:\/\/duotrentemoult.org\/?page_id=464"},"modified":"2023-05-30T14:43:11","modified_gmt":"2023-05-30T12:43:11","slug":"ce-qui-parait-fige-ne-lest-pas","status":"publish","type":"page","link":"https:\/\/duotrentemoult.org\/index.php\/ce-qui-parait-fige-ne-lest-pas\/","title":{"rendered":"Ce qui para\u00eet fig\u00e9 ne l\u2019est pas"},"content":{"rendered":"\n<p>Marid\u00e8s. Catherine SFOGGIA<\/p>\n\n\n\n<p>Duo 2022<\/p>\n\n\n\n<figure class=\"wp-block-gallery has-nested-images columns-default is-cropped wp-block-gallery-1 is-layout-flex wp-block-gallery-is-layout-flex\">\n<figure class=\"wp-block-image size-large\"><img loading=\"lazy\" decoding=\"async\" width=\"667\" height=\"369\" data-id=\"457\" src=\"https:\/\/duotrentemoult.org\/wp-content\/uploads\/2023\/05\/SforMari.jpeg\" alt=\"\" class=\"wp-image-457\" srcset=\"https:\/\/duotrentemoult.org\/wp-content\/uploads\/2023\/05\/SforMari.jpeg 667w, https:\/\/duotrentemoult.org\/wp-content\/uploads\/2023\/05\/SforMari-300x166.jpeg 300w, https:\/\/duotrentemoult.org\/wp-content\/uploads\/2023\/05\/SforMari-500x277.jpeg 500w\" sizes=\"auto, (max-width: 667px) 100vw, 667px\" \/><\/figure>\n<\/figure>\n\n\n\n<p>\u00ab&nbsp;La table au Lapin&nbsp;\u00bb &#8211; installation volume \u2026\u2026\u2026\u2026\u2026\u2026\u2026\u2026.. Nature morte<\/p>\n\n\n\n<p><\/p>\n\n\n\n<p>Deux artistes peintres qui partagent le go\u00fbt pictural de la nature morte, entre autre\u2026<\/p>\n\n\n\n<p>Nous proposons de croiser notre regard autour de ce th\u00e8me, Marid\u00e8s, \u00e0 partir de peintures et de dessins, Catherine, \u00e0 partir d\u2019une installation \u00ab&nbsp;La table au lapin&nbsp;\u00bb (volumes techniques mixtes).<\/p>\n\n\n\n<p>Ombres et lumi\u00e8res, suggestions d\u2019ambiance, qui pourront \u00eatre prolong\u00e9es \u00e9ventuellement par une prise de photo. Celle-ci devenant peut-\u00eatre comme un tableau\u2026 \u00e0 voir\u2026.<\/p>\n\n\n\n<p>Jeu visuel et un brin d\u2019humour ! <\/p>\n","protected":false},"excerpt":{"rendered":"<p>Marid\u00e8s. Catherine SFOGGIA Duo 2022 \u00ab&nbsp;La table au Lapin&nbsp;\u00bb &#8211; installation volume \u2026\u2026\u2026\u2026\u2026\u2026\u2026\u2026.. Nature morte Deux artistes peintres qui partagent le go\u00fbt pictural de la nature morte, entre autre\u2026 Nous proposons de croiser notre regard autour de ce th\u00e8me, Marid\u00e8s, &hellip; <a href=\"https:\/\/duotrentemoult.org\/index.php\/ce-qui-parait-fige-ne-lest-pas\/\">Continuer la lecture <span class=\"meta-nav\">&rarr;<\/span><\/a><\/p>\n","protected":false},"author":1,"featured_media":0,"parent":0,"menu_order":0,"comment_status":"closed","ping_status":"closed","template":"","meta":{"footnotes":""},"class_list":["post-464","page","type-page","status-publish","hentry"],"yoast_head":"<!-- This site is optimized with the Yoast SEO plugin v19.8 - https:\/\/yoast.com\/wordpress\/plugins\/seo\/ -->\n<title>Ce qui para\u00eet fig\u00e9 ne l\u2019est pas - DUO Trentemoult<\/title>\n<meta name=\"robots\" content=\"index, follow, max-snippet:-1, max-image-preview:large, max-video-preview:-1\" \/>\n<link rel=\"canonical\" href=\"https:\/\/duotrentemoult.org\/index.php\/ce-qui-parait-fige-ne-lest-pas\/\" \/>\n<meta property=\"og:locale\" content=\"fr_FR\" \/>\n<meta property=\"og:type\" content=\"article\" \/>\n<meta property=\"og:title\" content=\"Ce qui para\u00eet fig\u00e9 ne l\u2019est pas - DUO Trentemoult\" \/>\n<meta property=\"og:description\" content=\"Marid\u00e8s. Catherine SFOGGIA Duo 2022 \u00ab&nbsp;La table au Lapin&nbsp;\u00bb &#8211; installation volume \u2026\u2026\u2026\u2026\u2026\u2026\u2026\u2026.. Nature morte Deux artistes peintres qui partagent le go\u00fbt pictural de la nature morte, entre autre\u2026 Nous proposons de croiser notre regard autour de ce th\u00e8me, Marid\u00e8s, &hellip; Continuer la lecture &rarr;\" \/>\n<meta property=\"og:url\" content=\"https:\/\/duotrentemoult.org\/index.php\/ce-qui-parait-fige-ne-lest-pas\/\" \/>\n<meta property=\"og:site_name\" content=\"DUO Trentemoult\" \/>\n<meta property=\"article:publisher\" content=\"https:\/\/www.facebook.com\/DUO-trentemoult-112757837991644\/\" \/>\n<meta property=\"article:modified_time\" content=\"2023-05-30T12:43:11+00:00\" \/>\n<meta property=\"og:image\" content=\"https:\/\/duotrentemoult.org\/wp-content\/uploads\/2023\/05\/SforMari.jpeg\" \/>\n<meta name=\"twitter:card\" content=\"summary_large_image\" \/>\n<script type=\"application\/ld+json\" class=\"yoast-schema-graph\">{\"@context\":\"https:\/\/schema.org\",\"@graph\":[{\"@type\":\"WebPage\",\"@id\":\"https:\/\/duotrentemoult.org\/index.php\/ce-qui-parait-fige-ne-lest-pas\/\",\"url\":\"https:\/\/duotrentemoult.org\/index.php\/ce-qui-parait-fige-ne-lest-pas\/\",\"name\":\"Ce qui para\u00eet fig\u00e9 ne l\u2019est pas - DUO Trentemoult\",\"isPartOf\":{\"@id\":\"https:\/\/duotrentemoult.org\/#website\"},\"datePublished\":\"2023-05-30T12:29:05+00:00\",\"dateModified\":\"2023-05-30T12:43:11+00:00\",\"breadcrumb\":{\"@id\":\"https:\/\/duotrentemoult.org\/index.php\/ce-qui-parait-fige-ne-lest-pas\/#breadcrumb\"},\"inLanguage\":\"fr-FR\",\"potentialAction\":[{\"@type\":\"ReadAction\",\"target\":[\"https:\/\/duotrentemoult.org\/index.php\/ce-qui-parait-fige-ne-lest-pas\/\"]}]},{\"@type\":\"BreadcrumbList\",\"@id\":\"https:\/\/duotrentemoult.org\/index.php\/ce-qui-parait-fige-ne-lest-pas\/#breadcrumb\",\"itemListElement\":[{\"@type\":\"ListItem\",\"position\":1,\"name\":\"Accueil\",\"item\":\"https:\/\/duotrentemoult.org\/\"},{\"@type\":\"ListItem\",\"position\":2,\"name\":\"Ce qui para\u00eet fig\u00e9 ne l\u2019est pas\"}]},{\"@type\":\"WebSite\",\"@id\":\"https:\/\/duotrentemoult.org\/#website\",\"url\":\"https:\/\/duotrentemoult.org\/\",\"name\":\"DUO Trentemoult\",\"description\":\"Balade artistique \u00e0 Trentemoult\",\"publisher\":{\"@id\":\"https:\/\/duotrentemoult.org\/#organization\"},\"potentialAction\":[{\"@type\":\"SearchAction\",\"target\":{\"@type\":\"EntryPoint\",\"urlTemplate\":\"https:\/\/duotrentemoult.org\/?s={search_term_string}\"},\"query-input\":\"required name=search_term_string\"}],\"inLanguage\":\"fr-FR\"},{\"@type\":\"Organization\",\"@id\":\"https:\/\/duotrentemoult.org\/#organization\",\"name\":\"Duo\",\"url\":\"https:\/\/duotrentemoult.org\/\",\"sameAs\":[\"https:\/\/www.facebook.com\/DUO-trentemoult-112757837991644\/\"],\"logo\":{\"@type\":\"ImageObject\",\"inLanguage\":\"fr-FR\",\"@id\":\"https:\/\/duotrentemoult.org\/#\/schema\/logo\/image\/\",\"url\":\"http:\/\/duotrentemoult.org\/wp-content\/uploads\/2022\/06\/LOGO.jpg\",\"contentUrl\":\"http:\/\/duotrentemoult.org\/wp-content\/uploads\/2022\/06\/LOGO.jpg\",\"width\":284,\"height\":285,\"caption\":\"Duo\"},\"image\":{\"@id\":\"https:\/\/duotrentemoult.org\/#\/schema\/logo\/image\/\"}}]}<\/script>\n<!-- \/ Yoast SEO plugin. -->","yoast_head_json":{"title":"Ce qui para\u00eet fig\u00e9 ne l\u2019est pas - DUO Trentemoult","robots":{"index":"index","follow":"follow","max-snippet":"max-snippet:-1","max-image-preview":"max-image-preview:large","max-video-preview":"max-video-preview:-1"},"canonical":"https:\/\/duotrentemoult.org\/index.php\/ce-qui-parait-fige-ne-lest-pas\/","og_locale":"fr_FR","og_type":"article","og_title":"Ce qui para\u00eet fig\u00e9 ne l\u2019est pas - DUO Trentemoult","og_description":"Marid\u00e8s. Catherine SFOGGIA Duo 2022 \u00ab&nbsp;La table au Lapin&nbsp;\u00bb &#8211; installation volume \u2026\u2026\u2026\u2026\u2026\u2026\u2026\u2026.. Nature morte Deux artistes peintres qui partagent le go\u00fbt pictural de la nature morte, entre autre\u2026 Nous proposons de croiser notre regard autour de ce th\u00e8me, Marid\u00e8s, &hellip; Continuer la lecture &rarr;","og_url":"https:\/\/duotrentemoult.org\/index.php\/ce-qui-parait-fige-ne-lest-pas\/","og_site_name":"DUO Trentemoult","article_publisher":"https:\/\/www.facebook.com\/DUO-trentemoult-112757837991644\/","article_modified_time":"2023-05-30T12:43:11+00:00","og_image":[{"url":"https:\/\/duotrentemoult.org\/wp-content\/uploads\/2023\/05\/SforMari.jpeg"}],"twitter_card":"summary_large_image","schema":{"@context":"https:\/\/schema.org","@graph":[{"@type":"WebPage","@id":"https:\/\/duotrentemoult.org\/index.php\/ce-qui-parait-fige-ne-lest-pas\/","url":"https:\/\/duotrentemoult.org\/index.php\/ce-qui-parait-fige-ne-lest-pas\/","name":"Ce qui para\u00eet fig\u00e9 ne l\u2019est pas - DUO Trentemoult","isPartOf":{"@id":"https:\/\/duotrentemoult.org\/#website"},"datePublished":"2023-05-30T12:29:05+00:00","dateModified":"2023-05-30T12:43:11+00:00","breadcrumb":{"@id":"https:\/\/duotrentemoult.org\/index.php\/ce-qui-parait-fige-ne-lest-pas\/#breadcrumb"},"inLanguage":"fr-FR","potentialAction":[{"@type":"ReadAction","target":["https:\/\/duotrentemoult.org\/index.php\/ce-qui-parait-fige-ne-lest-pas\/"]}]},{"@type":"BreadcrumbList","@id":"https:\/\/duotrentemoult.org\/index.php\/ce-qui-parait-fige-ne-lest-pas\/#breadcrumb","itemListElement":[{"@type":"ListItem","position":1,"name":"Accueil","item":"https:\/\/duotrentemoult.org\/"},{"@type":"ListItem","position":2,"name":"Ce qui para\u00eet fig\u00e9 ne l\u2019est pas"}]},{"@type":"WebSite","@id":"https:\/\/duotrentemoult.org\/#website","url":"https:\/\/duotrentemoult.org\/","name":"DUO Trentemoult","description":"Balade artistique \u00e0 Trentemoult","publisher":{"@id":"https:\/\/duotrentemoult.org\/#organization"},"potentialAction":[{"@type":"SearchAction","target":{"@type":"EntryPoint","urlTemplate":"https:\/\/duotrentemoult.org\/?s={search_term_string}"},"query-input":"required name=search_term_string"}],"inLanguage":"fr-FR"},{"@type":"Organization","@id":"https:\/\/duotrentemoult.org\/#organization","name":"Duo","url":"https:\/\/duotrentemoult.org\/","sameAs":["https:\/\/www.facebook.com\/DUO-trentemoult-112757837991644\/"],"logo":{"@type":"ImageObject","inLanguage":"fr-FR","@id":"https:\/\/duotrentemoult.org\/#\/schema\/logo\/image\/","url":"http:\/\/duotrentemoult.org\/wp-content\/uploads\/2022\/06\/LOGO.jpg","contentUrl":"http:\/\/duotrentemoult.org\/wp-content\/uploads\/2022\/06\/LOGO.jpg","width":284,"height":285,"caption":"Duo"},"image":{"@id":"https:\/\/duotrentemoult.org\/#\/schema\/logo\/image\/"}}]}},"_links":{"self":[{"href":"https:\/\/duotrentemoult.org\/index.php\/wp-json\/wp\/v2\/pages\/464","targetHints":{"allow":["GET"]}}],"collection":[{"href":"https:\/\/duotrentemoult.org\/index.php\/wp-json\/wp\/v2\/pages"}],"about":[{"href":"https:\/\/duotrentemoult.org\/index.php\/wp-json\/wp\/v2\/types\/page"}],"author":[{"embeddable":true,"href":"https:\/\/duotrentemoult.org\/index.php\/wp-json\/wp\/v2\/users\/1"}],"replies":[{"embeddable":true,"href":"https:\/\/duotrentemoult.org\/index.php\/wp-json\/wp\/v2\/comments?post=464"}],"version-history":[{"count":7,"href":"https:\/\/duotrentemoult.org\/index.php\/wp-json\/wp\/v2\/pages\/464\/revisions"}],"predecessor-version":[{"id":474,"href":"https:\/\/duotrentemoult.org\/index.php\/wp-json\/wp\/v2\/pages\/464\/revisions\/474"}],"wp:attachment":[{"href":"https:\/\/duotrentemoult.org\/index.php\/wp-json\/wp\/v2\/media?parent=464"}],"curies":[{"name":"wp","href":"https:\/\/api.w.org\/{rel}","templated":true}]}}