{"id":707,"date":"2023-06-15T08:55:23","date_gmt":"2023-06-15T06:55:23","guid":{"rendered":"https:\/\/duotrentemoult.org\/?page_id=707"},"modified":"2024-04-17T17:36:21","modified_gmt":"2024-04-17T15:36:21","slug":"artistes-en-duo-a-trentemoult","status":"publish","type":"page","link":"https:\/\/duotrentemoult.org\/index.php\/artistes-en-duo-a-trentemoult\/","title":{"rendered":"Texte \u00ab\u00a0Artistes en Duo\u00a0\u00bb"},"content":{"rendered":"\r\n<p>Roulis, roulement de galets<br \/><em>Choses qui roulent<\/em><br \/>Economie de moyens<br \/><em>Choses en noir, gris, blanc<\/em><br \/><em>Gens au service de ce qui se passe<\/em><br \/>Dur\u00e9e, mouvement, corps impact\u00e9<br \/><em>Choses dans la temporalit\u00e9<\/em><br \/>Mat\u00e9riaux r\u00e9siduels, papiers du bord<br \/><em>Choses qui racontent la vie du bord<\/em><br \/>Bo\u00eete qui transporte des bo\u00eetes<br \/>Au c\u0153ur de\u00a0: eau-terre-ciel-et modernit\u00e9<br \/><em>Choses en relation avec les astres<\/em><br \/><em>Choses qui contrastent<\/em><br \/>La mer porte<br \/>Messagerie maritime, ligne des Antilles<br \/>Lieux de cr\u00e9ation<br \/><em>Choses en mouvement et statiques<\/em><br \/>Graphismes, fluidit\u00e9<br \/>Se laisser traverser<br \/>L\u2019envie d\u2019\u00e9crire remonte<br \/>Sensation, \u00e9motion<br \/><em>Choses salvatrices, choses qui \u00e9meuvent<\/em><br \/><em>Choses qui bouleversent<\/em><br \/>Errance<br \/>Ce que nous disent les migrants<br \/><em>Gens sans visa<\/em><br \/><em>Gens qui prennent le bu<\/em><br \/>La \u00ab\u00a0jungle\u00a0\u00bb de Calais d\u00e9mont\u00e9e,\u00a0<br \/>Un th\u00e9\u00e2tre, un hammam, des salons de coiffure, biblioth\u00e8ques, \u00e9piceries, restaurants, \u2026<br \/>Aux quatre vents<br \/><em>Gens qui ne sont pas terroristes<\/em><br \/><em>Gens qui sont mal attendus<\/em><br \/>Gens et musique marchent ensemble<br \/><em>Gens qui errent<\/em><br \/><em>Gens qui accueillent<\/em><br \/><em>Gens qui s\u2019entraident<\/em><br \/>Bus \u2013 Auteur \u2013 Musique<br \/>On a le droit\u00a0?<br \/><em>Gens qui ne se sentent pas le droit<\/em><br \/><em>Gens dont on ne sait pas o\u00f9 ils seront le lendemain<\/em><br \/>Musique qui raconte<br \/>Musique qui rythme le temps<br \/>Musique qui voyage<br \/>Balade<br \/><em>Choses qui \u00e9meuvent<\/em><br \/><em>Choses qui surprennent<\/em><br \/><em>Choses impr\u00e9vues, choses incroyables<\/em><br \/>Ce sont des \u00e9trangers qui me font d\u00e9couvrir ma ville<br \/><em>Gens qui ont de la m\u00e9moire<\/em><br \/><em>Gens qui sont attentifs, attentionn\u00e9s<\/em><br \/><em>Gens qui connaissent le chemin<\/em><br \/><em>Gens qui donnent avec le c\u0153ur<\/em><br \/><em>Gens qui parlent avec humour<\/em><br \/>Mis\u00e8re et d\u00e9tresse \u00e0 nos portes<br \/><em>Gens qui viennent de loin, qui nous sont proches<\/em><br \/><em>Gens qui marchent<\/em><br \/><em>Gens qui traversent la gal\u00e8re<\/em><br \/><em>Gens qui parlent plusieurs langues<\/em><br \/><em>Gens qui subissent des injustices<\/em><br \/><em>Gens qui ont beaucoup de connaissances<\/em><br \/><em>Gens qui partagent leurs savoirs<\/em><br \/><em>Gens qui observent, philosophes<\/em><br \/><em>Gens qui t\u00e9moignent<\/em><br \/>Chapman Stick, musique polyvalente<br \/>Qu\u2019est-ce que cela te fait de ne voir que des noirs\u00a0?<br \/>L\u2019habit fait le moine.<br \/><em>Gens marqu\u00e9s au front<\/em><br \/>Filtres de nos regards\u00a0: peau, v\u00eatements, profession<br \/>Tu viens d\u2019o\u00f9\u00a0? Tu fais quoi\u00a0?<br \/>A quoi tu penses\u00a0? Qu\u2019est-ce que tu ressens\u00a0?<br \/>Qu\u2019est-ce que tu veux me dire\u00a0?<br \/><em>Gens qui questionnent<\/em><br \/>Quelle est ta vie\u00a0? Quel est ton r\u00eave\u00a0? Quelle est ton histoire\u00a0?<br \/><em>Gens qui interrogent sur \u00ab\u00a0\u00eatre humain\u00a0\u00bb<\/em><br \/>Un visage \u2013 une histoire \u2013 une vie<br \/>Qu\u2019est-ce que je peux faire pour te voir humain sans \u00eatre apostroph\u00e9e par ta couleur de peau\u00a0?<br \/><em>Gens qui m\u2019interrogent sur mon humanit\u00e9, sur mon \u00ab\u00a0\u00eatre humain\u00a0\u00bb<\/em><br \/><em>Gens qui me questionnent sur nos diff\u00e9rences et nos similitudes<\/em><br \/><em>Gens qui me renvoient \u00e0 moi-m\u00eame, \u00e0 ce qui me bouleverse.<\/em><br \/>Entraide<br \/><em>Gens qui bricolent<\/em><br \/><em>Gens qui d\u00e9passent leur handicap<\/em><br \/>L\u2019art est une forme de r\u00e9paration<br \/>Handicap\u00a0: source de richesses, ressource<br \/>Travail respectueux du temps pass\u00e9, de la d\u00e9chirure des murs<br \/>Vie pleine d\u2019accidents<br \/><em>Gens qui savent que la vie c\u2019est pas des trucs tout neufs<\/em><br \/>Bricoler avec des bambous, des bandelettes de drap, de la r\u00e9cup\u00e9ration<br \/>Ouvrir des portes, changer de repr\u00e9sentation<br \/><em>Gens qui proposent des images du monde autres<\/em><br \/><em>Gens qui cr\u00e9ent d\u2019autres mondes<\/em><br \/><em>Gens qui transforment le regard<\/em><br \/>Bambous tordus, tessons bris\u00e9s<br \/>S\u2019inspirer de l\u2019art japonais<br \/>Imagination, ing\u00e9niosit\u00e9<br \/><em>Gens qui savent que c\u2019est une cr\u00e9ation le bricolage<\/em><br \/><em>Gens qui se sentent africains<\/em><br \/>Renversement<br \/>Reverse graffiti<br \/>Savoir se d\u00e9-ranger<\/p>\r\n\r\n\r\n\r\n<p>\u00ab\u00a0J\u2019ai enfin compris\u2026\u00a0: l\u2019art se trouve au c\u0153ur de notre \u00eatre le plus intime et il fait partie de la nature des choses\u00a0\u00bb (Jim Harrison)<\/p>\r\n\r\n\r\n\r\n<p>Photos, oralit\u00e9 du texte<br \/>M\u00e9ditation sans pr\u00e9tention<br \/><em>Chosent qui m\u2019interpellent<\/em><br \/><em>Paroles qui me r\u00e9veillent<\/em><br \/>Musique des rimes,\u00a0<br \/>Jeux vocaux<br \/>Derri\u00e8re les mots,\u00a0<br \/>S\u2019esquissent\u00a0<br \/>Des interrogations<br \/>Dramaturgie surr\u00e9aliste<br \/>Flamme qui d\u00e9truit<br \/>Flamme de vie<br \/>Travail en pointill\u00e9<br \/>Imaginaire d\u00e9cal\u00e9<br \/>Ambiance de f\u00eate foraine<br \/>Kal\u00e9idoscope de couleurs et de noir<br \/><em>Gens qui osent se raconter<\/em><br \/>Photos, oralit\u00e9<br \/>Rencontre<br \/><em>Choses spontan\u00e9es<\/em><br \/><em>Choses dans l\u2019oralit\u00e9<\/em><br \/>D\u00e9couverte des voisins<br \/>D\u00e9licatesse<br \/><em>Choses intimes<\/em><br \/>C\u2019\u00e9tait ici et pas ailleurs.<br \/>C\u2019\u00e9tait vital.<br \/>L\u2019art est vital.<br \/>Je, boulevers\u00e9e<br \/>Par l\u2019humanit\u00e9<br \/>Des artistes<br \/>T\u00e9moins d\u2019autres regards possibles.<br \/>Dans un bus,<br \/>Des migrants, un \u00e9crivain, un musicien, nous qui \u00e9coutons, qui recevons<br \/>4 points cardinaux<br \/>Le monde<br \/>La terre au carr\u00e9<br \/>Elle tourne l\u2019humanit\u00e9<br \/>En marche vers qui elle est<br \/>Au c\u0153ur de ceux qui se l\u00e8vent, t\u00e9moignent<br \/>Ouvrent regards, oreilles<br \/>Proposent d\u2019essayer<br \/>De regarder la beaut\u00e9<br \/>Partout o\u00f9 elle est.<br \/>Duos.\u00a0\u00a0Dialogues.\u00a0\u00a0Echo.\u00a0\u00a0R\u00e9sonance.<br \/>Les artistes cr\u00e9ateurs<\/p>\r\n\r\n\r\n\r\n<p>\u00a0\u00a0\u00a0\u00a0\u00a0\u00a0\u00a0\u00a0\u00a0\u00a0\u00a0\u00a0\u00a0\u00a0\u00a0\u00a0\u00a0\u00a0\u00a0\u00a0\u00a0\u00a0\u00a0\u00a0Passeurs<\/p>\r\n\r\n\r\n\r\n<p>\u00a0\u00a0\u00a0\u00a0\u00a0\u00a0\u00a0\u00a0\u00a0\u00a0\u00a0\u00a0\u00a0\u00a0\u00a0\u00a0\u00a0\u00a0\u00a0\u00a0\u00a0\u00a0\u00a0\u00a0\u00a0\u00a0\u00a0\u00a0\u00a0\u00a0\u00a0\u00a0\u00a0\u00a0\u00a0Eveilleurs<\/p>\r\n\r\n\r\n\r\n<p>Contre l\u2019apathie morale<br \/>Contre la mort du c\u0153ur<br \/>Fendre le c\u0153ur<br \/>Exprimer la beaut\u00e9 de la nature humaine<br \/>Partout o\u00f9 elle est<br \/>Tisser des liens<br \/>Je, touch\u00e9e par la g\u00e9n\u00e9rosit\u00e9<br \/>De ceux qui permettent \u00e0 l\u2019in-visible humanit\u00e9<br \/>D\u2019\u00eatre r\u00e9v\u00e9l\u00e9e<br \/>Tendresse du geste<br \/>Authenticit\u00e9 de ceux qui cr\u00e9ent<br \/>Suivre le fil cr\u00e9atif<\/p>\r\n\r\n\r\n\r\n<p>Accepter d\u2019\u00eatre d\u00e9-rang\u00e9<br \/>\u00a0Inter-pel\u00e9e<br \/>Boule-vers\u00e9e.<\/p>\r\n\r\n\r\n\r\n<p>\u00a0\u00a0\u00a0\u00a0\u00a0\u00a0\u00a0\u00a0\u00a0\u00a0\u00a0\u00a0\u00a0\u00a0\u00a0\u00a0\u00a0\u00a0\u00a0\u00a0\u00a0\u00a0\u00a0\u00a0\u00a0\u00a0\u00a0\u00a0\u00a0\u00a0\u00a0\u00a0\u00a0\u00a0\u00a0\u00a0\u00a0\u00a0\u00a0\u00a0\u00a0\u00a0\u00a0\u00a0\u00a0\u00a0\u00a0\u00a0\u00a0\u00a0\u00a0\u00a0\u00a0\u00a0\u00a0\u00a0\u00a0\u00a0\u00a0\u00a0\u00a0\u00a0\u00a0\u00a0\u00a0\u00a0\u00a0\u00a0\u00a0\u00a0\u00a0\u00a0\u00a0\u00a0\u00a0\u00a0\u00a0\u00a0\u00a0\u00a0\u00a0\u00a0\u00a0\u00a0\u00a0\u00a0\u00a0\u00a0\u00a0\u00a0\u00a0\u00a0\u00a0\u00a0\u00a0\u00a0\u00a0\u00a0\u00a0\u00a0\u00a0\u00a0\u00a0\u00a0\u00a0\u00a0<em>\u00a0\u00a0\u00a0\u00a0\u00a0\u00a0\u00a0\u00a0\u00a0\u00a0\u00a0\u00a0Fran\u00e7oise<\/em><\/p>\r\n","protected":false},"excerpt":{"rendered":"<p>Roulis, roulement de galetsChoses qui roulentEconomie de moyensChoses en noir, gris, blancGens au service de ce qui se passeDur\u00e9e, mouvement, corps impact\u00e9Choses dans la temporalit\u00e9Mat\u00e9riaux r\u00e9siduels, papiers du bordChoses qui racontent la vie du bordBo\u00eete qui transporte des bo\u00eetesAu c\u0153ur &hellip; <a href=\"https:\/\/duotrentemoult.org\/index.php\/artistes-en-duo-a-trentemoult\/\">Continuer la lecture <span class=\"meta-nav\">&rarr;<\/span><\/a><\/p>\n","protected":false},"author":1,"featured_media":0,"parent":0,"menu_order":0,"comment_status":"closed","ping_status":"closed","template":"","meta":{"footnotes":""},"class_list":["post-707","page","type-page","status-publish","hentry"],"yoast_head":"<!-- This site is optimized with the Yoast SEO plugin v19.8 - https:\/\/yoast.com\/wordpress\/plugins\/seo\/ -->\n<title>Texte \u00ab\u00a0Artistes en Duo\u00a0\u00bb - DUO Trentemoult<\/title>\n<meta name=\"robots\" content=\"index, follow, max-snippet:-1, max-image-preview:large, max-video-preview:-1\" \/>\n<link rel=\"canonical\" href=\"https:\/\/duotrentemoult.org\/index.php\/artistes-en-duo-a-trentemoult\/\" \/>\n<meta property=\"og:locale\" content=\"fr_FR\" \/>\n<meta property=\"og:type\" content=\"article\" \/>\n<meta property=\"og:title\" content=\"Texte \u00ab\u00a0Artistes en Duo\u00a0\u00bb - DUO Trentemoult\" \/>\n<meta property=\"og:description\" content=\"Roulis, roulement de galetsChoses qui roulentEconomie de moyensChoses en noir, gris, blancGens au service de ce qui se passeDur\u00e9e, mouvement, corps impact\u00e9Choses dans la temporalit\u00e9Mat\u00e9riaux r\u00e9siduels, papiers du bordChoses qui racontent la vie du bordBo\u00eete qui transporte des bo\u00eetesAu c\u0153ur &hellip; Continuer la lecture &rarr;\" \/>\n<meta property=\"og:url\" content=\"https:\/\/duotrentemoult.org\/index.php\/artistes-en-duo-a-trentemoult\/\" \/>\n<meta property=\"og:site_name\" content=\"DUO Trentemoult\" \/>\n<meta property=\"article:publisher\" content=\"https:\/\/www.facebook.com\/DUO-trentemoult-112757837991644\/\" \/>\n<meta property=\"article:modified_time\" content=\"2024-04-17T15:36:21+00:00\" \/>\n<meta name=\"twitter:card\" content=\"summary_large_image\" \/>\n<meta name=\"twitter:label1\" content=\"Dur\u00e9e de lecture estim\u00e9e\" \/>\n\t<meta name=\"twitter:data1\" content=\"4 minutes\" \/>\n<script type=\"application\/ld+json\" class=\"yoast-schema-graph\">{\"@context\":\"https:\/\/schema.org\",\"@graph\":[{\"@type\":\"WebPage\",\"@id\":\"https:\/\/duotrentemoult.org\/index.php\/artistes-en-duo-a-trentemoult\/\",\"url\":\"https:\/\/duotrentemoult.org\/index.php\/artistes-en-duo-a-trentemoult\/\",\"name\":\"Texte \u00ab\u00a0Artistes en Duo\u00a0\u00bb - DUO Trentemoult\",\"isPartOf\":{\"@id\":\"https:\/\/duotrentemoult.org\/#website\"},\"datePublished\":\"2023-06-15T06:55:23+00:00\",\"dateModified\":\"2024-04-17T15:36:21+00:00\",\"breadcrumb\":{\"@id\":\"https:\/\/duotrentemoult.org\/index.php\/artistes-en-duo-a-trentemoult\/#breadcrumb\"},\"inLanguage\":\"fr-FR\",\"potentialAction\":[{\"@type\":\"ReadAction\",\"target\":[\"https:\/\/duotrentemoult.org\/index.php\/artistes-en-duo-a-trentemoult\/\"]}]},{\"@type\":\"BreadcrumbList\",\"@id\":\"https:\/\/duotrentemoult.org\/index.php\/artistes-en-duo-a-trentemoult\/#breadcrumb\",\"itemListElement\":[{\"@type\":\"ListItem\",\"position\":1,\"name\":\"Accueil\",\"item\":\"https:\/\/duotrentemoult.org\/\"},{\"@type\":\"ListItem\",\"position\":2,\"name\":\"Texte \u00ab\u00a0Artistes en Duo\u00a0\u00bb\"}]},{\"@type\":\"WebSite\",\"@id\":\"https:\/\/duotrentemoult.org\/#website\",\"url\":\"https:\/\/duotrentemoult.org\/\",\"name\":\"DUO Trentemoult\",\"description\":\"Balade artistique \u00e0 Trentemoult\",\"publisher\":{\"@id\":\"https:\/\/duotrentemoult.org\/#organization\"},\"potentialAction\":[{\"@type\":\"SearchAction\",\"target\":{\"@type\":\"EntryPoint\",\"urlTemplate\":\"https:\/\/duotrentemoult.org\/?s={search_term_string}\"},\"query-input\":\"required name=search_term_string\"}],\"inLanguage\":\"fr-FR\"},{\"@type\":\"Organization\",\"@id\":\"https:\/\/duotrentemoult.org\/#organization\",\"name\":\"Duo\",\"url\":\"https:\/\/duotrentemoult.org\/\",\"sameAs\":[\"https:\/\/www.facebook.com\/DUO-trentemoult-112757837991644\/\"],\"logo\":{\"@type\":\"ImageObject\",\"inLanguage\":\"fr-FR\",\"@id\":\"https:\/\/duotrentemoult.org\/#\/schema\/logo\/image\/\",\"url\":\"http:\/\/duotrentemoult.org\/wp-content\/uploads\/2022\/06\/LOGO.jpg\",\"contentUrl\":\"http:\/\/duotrentemoult.org\/wp-content\/uploads\/2022\/06\/LOGO.jpg\",\"width\":284,\"height\":285,\"caption\":\"Duo\"},\"image\":{\"@id\":\"https:\/\/duotrentemoult.org\/#\/schema\/logo\/image\/\"}}]}<\/script>\n<!-- \/ Yoast SEO plugin. -->","yoast_head_json":{"title":"Texte \u00ab\u00a0Artistes en Duo\u00a0\u00bb - DUO Trentemoult","robots":{"index":"index","follow":"follow","max-snippet":"max-snippet:-1","max-image-preview":"max-image-preview:large","max-video-preview":"max-video-preview:-1"},"canonical":"https:\/\/duotrentemoult.org\/index.php\/artistes-en-duo-a-trentemoult\/","og_locale":"fr_FR","og_type":"article","og_title":"Texte \u00ab\u00a0Artistes en Duo\u00a0\u00bb - DUO Trentemoult","og_description":"Roulis, roulement de galetsChoses qui roulentEconomie de moyensChoses en noir, gris, blancGens au service de ce qui se passeDur\u00e9e, mouvement, corps impact\u00e9Choses dans la temporalit\u00e9Mat\u00e9riaux r\u00e9siduels, papiers du bordChoses qui racontent la vie du bordBo\u00eete qui transporte des bo\u00eetesAu c\u0153ur &hellip; Continuer la lecture &rarr;","og_url":"https:\/\/duotrentemoult.org\/index.php\/artistes-en-duo-a-trentemoult\/","og_site_name":"DUO Trentemoult","article_publisher":"https:\/\/www.facebook.com\/DUO-trentemoult-112757837991644\/","article_modified_time":"2024-04-17T15:36:21+00:00","twitter_card":"summary_large_image","twitter_misc":{"Dur\u00e9e de lecture estim\u00e9e":"4 minutes"},"schema":{"@context":"https:\/\/schema.org","@graph":[{"@type":"WebPage","@id":"https:\/\/duotrentemoult.org\/index.php\/artistes-en-duo-a-trentemoult\/","url":"https:\/\/duotrentemoult.org\/index.php\/artistes-en-duo-a-trentemoult\/","name":"Texte \u00ab\u00a0Artistes en Duo\u00a0\u00bb - DUO Trentemoult","isPartOf":{"@id":"https:\/\/duotrentemoult.org\/#website"},"datePublished":"2023-06-15T06:55:23+00:00","dateModified":"2024-04-17T15:36:21+00:00","breadcrumb":{"@id":"https:\/\/duotrentemoult.org\/index.php\/artistes-en-duo-a-trentemoult\/#breadcrumb"},"inLanguage":"fr-FR","potentialAction":[{"@type":"ReadAction","target":["https:\/\/duotrentemoult.org\/index.php\/artistes-en-duo-a-trentemoult\/"]}]},{"@type":"BreadcrumbList","@id":"https:\/\/duotrentemoult.org\/index.php\/artistes-en-duo-a-trentemoult\/#breadcrumb","itemListElement":[{"@type":"ListItem","position":1,"name":"Accueil","item":"https:\/\/duotrentemoult.org\/"},{"@type":"ListItem","position":2,"name":"Texte \u00ab\u00a0Artistes en Duo\u00a0\u00bb"}]},{"@type":"WebSite","@id":"https:\/\/duotrentemoult.org\/#website","url":"https:\/\/duotrentemoult.org\/","name":"DUO Trentemoult","description":"Balade artistique \u00e0 Trentemoult","publisher":{"@id":"https:\/\/duotrentemoult.org\/#organization"},"potentialAction":[{"@type":"SearchAction","target":{"@type":"EntryPoint","urlTemplate":"https:\/\/duotrentemoult.org\/?s={search_term_string}"},"query-input":"required name=search_term_string"}],"inLanguage":"fr-FR"},{"@type":"Organization","@id":"https:\/\/duotrentemoult.org\/#organization","name":"Duo","url":"https:\/\/duotrentemoult.org\/","sameAs":["https:\/\/www.facebook.com\/DUO-trentemoult-112757837991644\/"],"logo":{"@type":"ImageObject","inLanguage":"fr-FR","@id":"https:\/\/duotrentemoult.org\/#\/schema\/logo\/image\/","url":"http:\/\/duotrentemoult.org\/wp-content\/uploads\/2022\/06\/LOGO.jpg","contentUrl":"http:\/\/duotrentemoult.org\/wp-content\/uploads\/2022\/06\/LOGO.jpg","width":284,"height":285,"caption":"Duo"},"image":{"@id":"https:\/\/duotrentemoult.org\/#\/schema\/logo\/image\/"}}]}},"_links":{"self":[{"href":"https:\/\/duotrentemoult.org\/index.php\/wp-json\/wp\/v2\/pages\/707","targetHints":{"allow":["GET"]}}],"collection":[{"href":"https:\/\/duotrentemoult.org\/index.php\/wp-json\/wp\/v2\/pages"}],"about":[{"href":"https:\/\/duotrentemoult.org\/index.php\/wp-json\/wp\/v2\/types\/page"}],"author":[{"embeddable":true,"href":"https:\/\/duotrentemoult.org\/index.php\/wp-json\/wp\/v2\/users\/1"}],"replies":[{"embeddable":true,"href":"https:\/\/duotrentemoult.org\/index.php\/wp-json\/wp\/v2\/comments?post=707"}],"version-history":[{"count":3,"href":"https:\/\/duotrentemoult.org\/index.php\/wp-json\/wp\/v2\/pages\/707\/revisions"}],"predecessor-version":[{"id":788,"href":"https:\/\/duotrentemoult.org\/index.php\/wp-json\/wp\/v2\/pages\/707\/revisions\/788"}],"wp:attachment":[{"href":"https:\/\/duotrentemoult.org\/index.php\/wp-json\/wp\/v2\/media?parent=707"}],"curies":[{"name":"wp","href":"https:\/\/api.w.org\/{rel}","templated":true}]}}